{"id":994,"date":"2026-01-19T14:48:08","date_gmt":"2026-01-19T13:48:08","guid":{"rendered":"https:\/\/inspiritdesign.es\/?page_id=994"},"modified":"2026-03-12T14:48:13","modified_gmt":"2026-03-12T13:48:13","slug":"politica-de-cookies","status":"publish","type":"page","link":"https:\/\/inspiritdesign.es\/en\/politica-de-cookies\/","title":{"rendered":"Cookie Policy"},"content":{"rendered":"<div data-elementor-type=\"wp-page\" data-elementor-id=\"994\" class=\"elementor elementor-994\" data-elementor-post-type=\"page\">\n\t\t\t\t<div class=\"elementor-element elementor-element-2ab8c3e7 e-flex e-con-boxed e-con e-parent\" data-id=\"2ab8c3e7\" data-element_type=\"container\" data-e-type=\"container\" data-settings=\"{&quot;background_background&quot;:&quot;classic&quot;}\">\n\t\t\t\t\t<div class=\"e-con-inner\">\n\t\t<div class=\"elementor-element elementor-element-597f59d6 e-flex e-con-boxed e-con e-child\" data-id=\"597f59d6\" data-element_type=\"container\" data-e-type=\"container\">\n\t\t\t\t\t<div class=\"e-con-inner\">\n\t\t\t\t<div class=\"elementor-element elementor-element-1515287 elementor-invisible elementor-widget elementor-widget-heading\" data-id=\"1515287\" data-element_type=\"widget\" data-e-type=\"widget\" data-settings=\"{&quot;_animation&quot;:&quot;fadeInUp&quot;,&quot;_animation_delay&quot;:200}\" data-widget_type=\"heading.default\">\n\t\t\t\t\t<h1 class=\"elementor-heading-title elementor-size-default\">Cookie Policy<\/h1>\t\t\t\t<\/div>\n\t\t\t\t\t<\/div>\n\t\t\t\t<\/div>\n\t\t\t\t\t<\/div>\n\t\t\t\t<\/div>\n\t\t<div class=\"elementor-element elementor-element-114a2f9 e-flex e-con-boxed e-con e-parent\" data-id=\"114a2f9\" data-element_type=\"container\" data-e-type=\"container\">\n\t\t\t\t\t<div class=\"e-con-inner\">\n\t\t\t\t<div class=\"elementor-element elementor-element-4d929c1 elementor-widget elementor-widget-text-editor\" data-id=\"4d929c1\" data-element_type=\"widget\" data-e-type=\"widget\" data-widget_type=\"text-editor.default\">\n\t\t\t\t\t<style>.elementor-element-4d929c1{display:none !important}<\/style>\t\t\t\t<\/div>\n\t\t\t\t<div class=\"elementor-element elementor-element-fef1d8f elementor-widget elementor-widget-text-editor\" data-id=\"fef1d8f\" data-element_type=\"widget\" data-e-type=\"widget\" data-widget_type=\"text-editor.default\">\n\t\t\t\t\t\t\t\t\t<p>COOKIE POLICY<br \/>The owner of this website, space, or application (hereinafter, the \u201cContent\u201d) informs users that it may use data storage and retrieval devices (generically referred to as \u201ccookies\u201d) when a user browses the Content.<\/p><p><strong>1. WHAT ARE COOKIES?<\/strong><br \/>Cookies are files that are downloaded to your computer when accessing certain web pages, spaces, or applications, including the Content, and that store your computer\u2019s IP address and other possible browsing data. Cookies allow, among other things, the storage and retrieval of information about a user\u2019s or their device\u2019s browsing habits, and may be used to recognize the user.<br \/>The Website uses Cookies to personalize and facilitate user navigation as much as possible. Cookies are associated only with an anonymous user and their computer and do not provide references that allow personal data of the user to be deduced. The user may configure their browser to notify and reject the installation of Cookies sent by the Website, without this affecting the user\u2019s ability to access the contents of said website. However, we note that, in any case, the quality of the Website\u2019s operation may decrease.<br \/>Likewise, the Website may know all the services requested by users, so that it may facilitate or offer information appropriate to the tastes and preferences of each user.<\/p><p><strong>2. WHAT TYPES OF COOKIES EXIST?<\/strong><br \/>Cookies, depending on their Persistence, can be divided into:<br \/>SESSION COOKIES: They expire when the user closes the browser.<br \/>PERSISTENT COOKIES: They expire depending on when the purpose for which they are used is fulfilled (for example, so that the user remains identified in the Services) or when they are manually deleted.<\/p><p>Additionally, depending on their Purpose, Cookies can be classified as follows:<br \/>PERFORMANCE COOKIES: This type of Cookie remembers your preferences for the tools found in the services, so you do not have to reconfigure the service each time you visit. By way of example, this type includes:<br \/>\u2013 Volume settings for video or sound players.<br \/>\u2013 Video transmission speeds compatible with your browser.<\/p><p>GEOLOCATION COOKIES: These Cookies are used to determine which country you are in when a service is requested. This Cookie is completely anonymous and is only used to help orient content to your location.<\/p><p>REGISTRATION COOKIES: Registration Cookies are generated once the user has registered or subsequently opened their session, and are used to identify them in the services with the following objectives:<br \/>\u2013 Keep the user identified so that, if they close a service, the browser or the computer and later or on another day re-enter that service, they will remain identified, thus facilitating navigation without having to identify themselves again. This functionality can be removed if the user clicks the \u201clog out\u201d function, so that this Cookie is deleted and the next time they enter the service the user will have to log in to be identified.<br \/>\u2013 Check whether the user is authorized to access certain services, for example, to participate in a contest.<\/p><p>ANALYTICAL COOKIES: Each time a User visits a service, a tool from an external provider generates an analytical Cookie on the user\u2019s computer. This Cookie, which is only generated during the visit, will be used on future visits to the Website\u2019s Services to anonymously identify the visitor. The main objectives pursued are:<br \/>\u2013 Allow anonymous identification of browsing users through the \u201cCookie\u201d (it identifies browsers and devices, not people) and therefore the approximate counting of the number of visitors and their trend over time.<br \/>\u2013 Anonymously identify the most visited content and therefore the most attractive to users.<br \/>\u2013 Know whether the user accessing is new or a repeat visitor.<br \/>\u2013 Important: Unless the user decides to register for a Website service, the \u201cCookie\u201d will never be associated with any personal data that could identify them. These Cookies will only be used for statistical purposes that help optimize the Users\u2019 experience on the site.<\/p><p>BEHAVIORAL ADVERTISING COOKIES: This type of \u201cCookies\u201d allows the expansion of information on the advertisements shown to each anonymous user on the Website\u2019s Services. Among others, the duration or frequency of viewing advertising positions, interaction with them, or the user\u2019s browsing patterns and\/or behaviors are stored, as they help form an advertising interest profile. In this way, they allow advertising aligned with the user\u2019s interests to be offered.<\/p><p>THIRD-PARTY ADVERTISING COOKIES: In addition to the advertising managed by the Website in its Services, the Website offers advertisers the option of serving ads through third parties (\u201cAdServers\u201d). In this way, these third parties may store Cookies sent from the Website\u2019s Services coming from Users\u2019 browsers, as well as access the data stored in them.<\/p><p><strong>3. WHAT TYPES OF COOKIES ARE USED ON THE WEBSITE AND FOR WHAT PURPOSE?<\/strong><br \/>On the one hand, the owner of this Content may use cookies for which it is not necessary to obtain user consent, as they are excluded from the scope of application of article 22.2 of Law 34\/2002, of July 11, on information society services and electronic commerce.<br \/>Likewise, this Content uses the following cookies that require user consent:<\/p><p>Type of Cookies<br \/>Who Installs the Cookie?<br \/>Purpose<\/p><p>Analytics<br \/>Google Analytics<br \/>Stores cookies in order to compile statistics on traffic and visit volume of this website. By using this website, you consent to the processing of information about you by Google. Therefore, the exercise of any right in this regard must be done by communicating directly with Google.<\/p><p>User Session<br \/>Browser and APP<br \/>They expire when the User leaves the page or closes the browser or app, that is, they are active while the visit to the website or app lasts, and therefore are deleted from our computer upon leaving it.<\/p><p>Social networks<br \/>Facebook, Twitter, and Instagram<br \/>Each social network uses its own cookies so that you can click on buttons such as Like or Share.<\/p><p>Third-party cookies<br \/>Google Analytics<br \/>They will collect information for statistical purposes, regarding Site usage by the user and for the provision of other services related to Website activity and other Internet services.<\/p><p>Name<br \/>Category<br \/>Expiration<br \/>Time<br \/>Responsible<\/p><p>ccl<br \/>Necessary<br \/>Session<br \/>apple.com<\/p><p>rc::a<br \/>Necessary<br \/>Persistent<br \/>google.com<\/p><p>rc::b<br \/>Necessary<br \/>Session<br \/>google.com<\/p><p>rc::c<br \/>Necessary<br \/>Session<br \/>google.com<\/p><p>CookieConsent<br \/>Necessary<br \/>1<br \/>year<br \/>inspiritdesign.es<\/p><p>elementor<br \/>Necessary<br \/>Persistent<br \/>inspiritdesign.es<\/p><p>geo<br \/>Statistics<br \/>Session<br \/>apple.com<\/p><p>_ga<br \/>Statistics<br \/>2<br \/>years<br \/>play.google.com<\/p><p>_gat<br \/>Statistics<br \/>1<br \/>day<br \/>play.google.com<\/p><p>_gid<br \/>Statistics<br \/>1<br \/>day<br \/>play.google.com<\/p><p>_ga<br \/>Statistics<br \/>2<br \/>years<br \/>inspiritdesign.es<\/p><p>_gat<br \/>Statistics<br \/>1<br \/>day<br \/>inspiritdesign.es<\/p><p>_gid<br \/>Statistics<br \/>1<br \/>day<br \/>inspiritdesign.es<\/p><p>fr<br \/>Marketing<br \/>3<br \/>months<br \/>facebook.com<\/p><p>tr<br \/>Marketing<br \/>Session<br \/>facebook.com<\/p><p>ads\/ga-audiences<br \/>Marketing<br \/>Session<br \/>google.com<\/p><p>NID<br \/>Marketing<br \/>6<br \/>months<br \/>google.com<\/p><p>OTZ<br \/>Marketing<br \/>30<br \/>days<br \/>play.google.com<\/p><p>_fbp<br \/>Marketing<br \/>3<br \/>months<br \/>inspiritdesign.es<\/p><p>mtClientConfig_cachedSource_xp_amp_web_exp<br \/>Not<br \/>Classified<br \/>Persistent<br \/>inspiritdesign.es<\/p><p>mtClientId_AMPWeb_isSignedOut<br \/>Not<br \/>Classified<br \/>Persistent<br \/>inspiritdesign.es<\/p><p>PSSS::PARENT_EVENT_ID<br \/>Not<br \/>Classified<br \/>Session<br \/>inspiritdesign.es<\/p><p><strong>4. How is consent obtained and how are cookies revoked and deleted?<\/strong><br \/>Upon entering the Content you will receive a notice about the use of cookies in accordance with this Cookie Policy, and you may accept or reject cookies as established therein.<br \/>However, you may revoke the consent given for the use of cookies at any time. To do so, the user has the possibility to disable cookies by modifying their browser settings. In the links detailed below, the user will find more information on how to manage the use of cookies and disable them to revoke consent, depending on the browser used:<br \/>Firefox: <a href=\"https:\/\/support.mozilla.org\/es\/kb\/habilitar-y-deshabilitar-cookies-que-los-sitiosweb\">https:\/\/support.mozilla.org\/es\/kb\/habilitar-y-deshabilitar-cookies-que-los-sitiosweb<\/a><br \/>Chrome: <a href=\"http:\/\/support.google.com\/chrome\/bin\/answer.py?hl=es&amp;answer=95647\">http:\/\/support.google.com\/chrome\/bin\/answer.py?hl=es&amp;answer=95647<\/a><br \/>Safari: <a href=\"http:\/\/support.apple.com\/kb\/ht1677?viewlocale=es_ES\">http:\/\/support.apple.com\/kb\/ht1677?viewlocale=es_ES<\/a><br \/>Explorer: <a href=\"http:\/\/windows.microsoft.com\/es-es\/windows7\/how-to-manage-cookies-ininternet-explorer-9\">http:\/\/windows.microsoft.com\/es-es\/windows7\/how-to-manage-cookies-ininternet-explorer-9<\/a><\/p><p>IN SPIRIT DESIGN S.L. thanks you for consenting to the acceptance of cookies; this helps us obtain more accurate data that allow us to improve the content and design of our websites and applications to adapt them to your preferences.<\/p><p><strong>5. BASIC INFORMATION ON DATA PROCESSING RELATED TO COOKIES<\/strong><br \/>Data Controller<br \/>IN SPIRIT DESIGN S.L.<br \/>CIF: B83190579<br \/>REGISTERED OFFICE: Calle Edgar Neville 6, 28020, Alcobendas, Madrid,<br \/>Email: legal@inspiritdesign.es<br \/>Telephone: 669143338<\/p><p>Purpose of processing<br \/>\u2013 Display the website correctly.<br \/>\u2013 Analyze your browsing in order to process statistical data on website traffic.<br \/>\u2013 Allow the user to interact with company staff to resolve their queries.<br \/>\u2013 Show you personalized advertising.<\/p><p>Legal basis for processing<br \/>Consent of the data subject upon accepting the processing of cookies.<\/p><p>Data retention<br \/>Some session cookies will be active only during the period in which you remain connected to our website.<br \/>Likewise, third-party cookies will be processed only while the cookie remains active on the user\u2019s terminal equipment in accordance with the cookie policy identified in section \u201c3- What cookies do we use?\u201d, with the maximum retention period being two years.<\/p><p>Recipients. Data communication<br \/>Data will not be communicated to third parties, except due to legal obligation, as well as those data processed by cookie providers captured directly through the use of the cookie or similar device.<\/p><p>User rights and data to exercise rights<br \/>The data protection rights held by data subjects are:<br \/>\u2013 Right to request access to personal data concerning the data subject.<br \/>\u2013 Right to rectification or erasure.<br \/>\u2013 Right to object.<br \/>\u2013 Right to request limitation of processing.<br \/>\u2013 Right to data portability.<\/p><p>Holders of the personal data obtained may exercise their data protection rights by sending a written communication to the registered office of IN SPIRIT DESIGN S.L. or to the email address enabled for this purpose, legal@inspiritdesign.es, including in both cases a photocopy of their ID or other equivalent identification document.<\/p><p><strong>6. COOKIE POLICY UPDATE<\/strong><br \/>We may update the Cookie Policy of our Website, therefore we recommend reviewing this policy each time you access our Website in order to be adequately informed about how and for what purpose we use cookies.<br \/>The Cookie Policy was last updated on November 03, 2025.<\/p><p>Additional notes<br \/>Neither this website nor its legal representatives are responsible for the content or the accuracy of the privacy policies that third parties mentioned in this cookie policy may have.<br \/>Web browsers are the tools responsible for storing cookies and from this location you must exercise your right to delete or deactivate them.<br \/>Neither this website nor its legal representatives can guarantee the correct or incorrect handling of cookies by the aforementioned browsers.<br \/>In some cases it is necessary to install cookies so that the browser does not forget your decision not to accept them.<br \/>In the case of Google Analytics cookies, this company stores cookies on servers located in the United States and undertakes not to share them with third parties, except in cases where it is necessary for the operation of the system or when the law requires it to do so. According to Google, it does not store your IP address. Google Inc. is a company adhering to the Safe Harbor Agreement that guarantees that all transferred data will be treated with a level of protection in accordance with European regulations. You can consult detailed information in this regard at this link (<a href=\"https:\/\/policies.google.com\/privacy?hl=es\">https:\/\/policies.google.com\/privacy?hl=es<\/a>). If you want information about the use Google makes of cookies, we attach this other link (<a href=\"https:\/\/policies.google.com\/technologies\/cookies?hl=es\">https:\/\/policies.google.com\/technologies\/cookies?hl=es<\/a>).<br \/>For more information, you can consult the Guide on the use of Cookies published by the AEPD.<br \/>For any questions or queries about this cookie policy, do not hesitate to contact us through the contact section.<\/p>\t\t\t\t\t\t\t\t<\/div>\n\t\t\t\t\t<\/div>\n\t\t\t\t<\/div>\n\t\t\t\t<\/div>","protected":false},"excerpt":{"rendered":"<p>POL\u00cdTICA DE COOKIES El titular del presente sitio web, espacio, o aplicaci\u00f3n (en adelante, el \u00abContenido\u00bb) informa a los usuarios de que puede utilizar dispositivos de almacenamiento y recuperaci\u00f3n de datos (de manera gen\u00e9rica, denominados \u201ccookies\u201d) cuando un usuario navega por el Contenido. 1. \u00bfQU\u00c9 SON LAS COOKIES? Las cookies son ficheros que se descargan [&hellip;]<\/p>\n","protected":false},"author":2,"featured_media":0,"parent":0,"menu_order":0,"comment_status":"closed","ping_status":"closed","template":"elementor_header_footer","meta":{"footnotes":""},"class_list":["post-994","page","type-page","status-publish","hentry"],"yoast_head":"<!-- This site is optimized with the Yoast SEO plugin v27.1.1 - https:\/\/yoast.com\/product\/yoast-seo-wordpress\/ -->\n<title>Pol\u00edtica de Cookies - Inspirit Design<\/title>\n<meta name=\"robots\" content=\"noindex, follow\" \/>\n<meta property=\"og:locale\" content=\"en_GB\" \/>\n<meta property=\"og:type\" content=\"article\" \/>\n<meta property=\"og:title\" content=\"Pol\u00edtica de Cookies - Inspirit Design\" \/>\n<meta property=\"og:description\" content=\"POL\u00cdTICA DE COOKIES El titular del presente sitio web, espacio, o aplicaci\u00f3n (en adelante, el \u00abContenido\u00bb) informa a los usuarios de que puede utilizar dispositivos de almacenamiento y recuperaci\u00f3n de datos (de manera gen\u00e9rica, denominados \u201ccookies\u201d) cuando un usuario navega por el Contenido. 1. \u00bfQU\u00c9 SON LAS COOKIES? Las cookies son ficheros que se descargan [&hellip;]\" \/>\n<meta property=\"og:url\" content=\"https:\/\/inspiritdesign.es\/en\/politica-de-cookies\/\" \/>\n<meta property=\"og:site_name\" content=\"Inspirit Design\" \/>\n<meta property=\"article:modified_time\" content=\"2026-03-12T13:48:13+00:00\" \/>\n<meta name=\"twitter:card\" content=\"summary_large_image\" \/>\n<meta name=\"twitter:label1\" content=\"Estimated reading time\" \/>\n\t<meta name=\"twitter:data1\" content=\"18 minutes\" \/>\n<script type=\"application\/ld+json\" class=\"yoast-schema-graph\">{\"@context\":\"https:\/\/schema.org\",\"@graph\":[{\"@type\":\"WebPage\",\"@id\":\"https:\/\/inspiritdesign.es\/politica-de-cookies\/\",\"url\":\"https:\/\/inspiritdesign.es\/politica-de-cookies\/\",\"name\":\"Pol\u00edtica de Cookies - Inspirit Design\",\"isPartOf\":{\"@id\":\"https:\/\/inspiritdesign.es\/#website\"},\"datePublished\":\"2026-01-19T13:48:08+00:00\",\"dateModified\":\"2026-03-12T13:48:13+00:00\",\"breadcrumb\":{\"@id\":\"https:\/\/inspiritdesign.es\/politica-de-cookies\/#breadcrumb\"},\"inLanguage\":\"en-GB\",\"potentialAction\":[{\"@type\":\"ReadAction\",\"target\":[\"https:\/\/inspiritdesign.es\/politica-de-cookies\/\"]}]},{\"@type\":\"BreadcrumbList\",\"@id\":\"https:\/\/inspiritdesign.es\/politica-de-cookies\/#breadcrumb\",\"itemListElement\":[{\"@type\":\"ListItem\",\"position\":1,\"name\":\"Portada\",\"item\":\"https:\/\/inspiritdesign.es\/\"},{\"@type\":\"ListItem\",\"position\":2,\"name\":\"Pol\u00edtica de Cookies\"}]},{\"@type\":\"WebSite\",\"@id\":\"https:\/\/inspiritdesign.es\/#website\",\"url\":\"https:\/\/inspiritdesign.es\/\",\"name\":\"Inspirit Design\",\"description\":\"\",\"publisher\":{\"@id\":\"https:\/\/inspiritdesign.es\/#organization\"},\"potentialAction\":[{\"@type\":\"SearchAction\",\"target\":{\"@type\":\"EntryPoint\",\"urlTemplate\":\"https:\/\/inspiritdesign.es\/?s={search_term_string}\"},\"query-input\":{\"@type\":\"PropertyValueSpecification\",\"valueRequired\":true,\"valueName\":\"search_term_string\"}}],\"inLanguage\":\"en-GB\"},{\"@type\":\"Organization\",\"@id\":\"https:\/\/inspiritdesign.es\/#organization\",\"name\":\"Inspirit Design\",\"url\":\"https:\/\/inspiritdesign.es\/\",\"logo\":{\"@type\":\"ImageObject\",\"inLanguage\":\"en-GB\",\"@id\":\"https:\/\/inspiritdesign.es\/#\/schema\/logo\/image\/\",\"url\":\"https:\/\/inspiritdesign.es\/wp-content\/uploads\/2025\/12\/ISD-NEW-LOGO_RGB-Azul-HORIZON_alta.png\",\"contentUrl\":\"https:\/\/inspiritdesign.es\/wp-content\/uploads\/2025\/12\/ISD-NEW-LOGO_RGB-Azul-HORIZON_alta.png\",\"width\":986,\"height\":198,\"caption\":\"Inspirit Design\"},\"image\":{\"@id\":\"https:\/\/inspiritdesign.es\/#\/schema\/logo\/image\/\"}}]}<\/script>\n<!-- \/ Yoast SEO plugin. -->","yoast_head_json":{"title":"Pol\u00edtica de Cookies - Inspirit Design","robots":{"index":"noindex","follow":"follow"},"og_locale":"en_GB","og_type":"article","og_title":"Pol\u00edtica de Cookies - Inspirit Design","og_description":"POL\u00cdTICA DE COOKIES El titular del presente sitio web, espacio, o aplicaci\u00f3n (en adelante, el \u00abContenido\u00bb) informa a los usuarios de que puede utilizar dispositivos de almacenamiento y recuperaci\u00f3n de datos (de manera gen\u00e9rica, denominados \u201ccookies\u201d) cuando un usuario navega por el Contenido. 1. \u00bfQU\u00c9 SON LAS COOKIES? Las cookies son ficheros que se descargan [&hellip;]","og_url":"https:\/\/inspiritdesign.es\/en\/politica-de-cookies\/","og_site_name":"Inspirit Design","article_modified_time":"2026-03-12T13:48:13+00:00","twitter_card":"summary_large_image","twitter_misc":{"Estimated reading time":"18 minutes"},"schema":{"@context":"https:\/\/schema.org","@graph":[{"@type":"WebPage","@id":"https:\/\/inspiritdesign.es\/politica-de-cookies\/","url":"https:\/\/inspiritdesign.es\/politica-de-cookies\/","name":"Pol\u00edtica de Cookies - Inspirit Design","isPartOf":{"@id":"https:\/\/inspiritdesign.es\/#website"},"datePublished":"2026-01-19T13:48:08+00:00","dateModified":"2026-03-12T13:48:13+00:00","breadcrumb":{"@id":"https:\/\/inspiritdesign.es\/politica-de-cookies\/#breadcrumb"},"inLanguage":"en-GB","potentialAction":[{"@type":"ReadAction","target":["https:\/\/inspiritdesign.es\/politica-de-cookies\/"]}]},{"@type":"BreadcrumbList","@id":"https:\/\/inspiritdesign.es\/politica-de-cookies\/#breadcrumb","itemListElement":[{"@type":"ListItem","position":1,"name":"Portada","item":"https:\/\/inspiritdesign.es\/"},{"@type":"ListItem","position":2,"name":"Pol\u00edtica de Cookies"}]},{"@type":"WebSite","@id":"https:\/\/inspiritdesign.es\/#website","url":"https:\/\/inspiritdesign.es\/","name":"Inspirit Design","description":"","publisher":{"@id":"https:\/\/inspiritdesign.es\/#organization"},"potentialAction":[{"@type":"SearchAction","target":{"@type":"EntryPoint","urlTemplate":"https:\/\/inspiritdesign.es\/?s={search_term_string}"},"query-input":{"@type":"PropertyValueSpecification","valueRequired":true,"valueName":"search_term_string"}}],"inLanguage":"en-GB"},{"@type":"Organization","@id":"https:\/\/inspiritdesign.es\/#organization","name":"Inspirit Design","url":"https:\/\/inspiritdesign.es\/","logo":{"@type":"ImageObject","inLanguage":"en-GB","@id":"https:\/\/inspiritdesign.es\/#\/schema\/logo\/image\/","url":"https:\/\/inspiritdesign.es\/wp-content\/uploads\/2025\/12\/ISD-NEW-LOGO_RGB-Azul-HORIZON_alta.png","contentUrl":"https:\/\/inspiritdesign.es\/wp-content\/uploads\/2025\/12\/ISD-NEW-LOGO_RGB-Azul-HORIZON_alta.png","width":986,"height":198,"caption":"Inspirit Design"},"image":{"@id":"https:\/\/inspiritdesign.es\/#\/schema\/logo\/image\/"}}]}},"_links":{"self":[{"href":"https:\/\/inspiritdesign.es\/en\/wp-json\/wp\/v2\/pages\/994","targetHints":{"allow":["GET"]}}],"collection":[{"href":"https:\/\/inspiritdesign.es\/en\/wp-json\/wp\/v2\/pages"}],"about":[{"href":"https:\/\/inspiritdesign.es\/en\/wp-json\/wp\/v2\/types\/page"}],"author":[{"embeddable":true,"href":"https:\/\/inspiritdesign.es\/en\/wp-json\/wp\/v2\/users\/2"}],"replies":[{"embeddable":true,"href":"https:\/\/inspiritdesign.es\/en\/wp-json\/wp\/v2\/comments?post=994"}],"version-history":[{"count":13,"href":"https:\/\/inspiritdesign.es\/en\/wp-json\/wp\/v2\/pages\/994\/revisions"}],"predecessor-version":[{"id":1804,"href":"https:\/\/inspiritdesign.es\/en\/wp-json\/wp\/v2\/pages\/994\/revisions\/1804"}],"wp:attachment":[{"href":"https:\/\/inspiritdesign.es\/en\/wp-json\/wp\/v2\/media?parent=994"}],"curies":[{"name":"wp","href":"https:\/\/api.w.org\/{rel}","templated":true}]}}