{"id":2496,"date":"2026-04-13T12:56:41","date_gmt":"2026-04-13T10:56:41","guid":{"rendered":"https:\/\/inspiritdesign.es\/?page_id=2496"},"modified":"2026-04-13T20:53:28","modified_gmt":"2026-04-13T18:53:28","slug":"sursum-corda","status":"publish","type":"page","link":"https:\/\/inspiritdesign.es\/en\/sursum-corda\/","title":{"rendered":"Sursum Corda"},"content":{"rendered":"<div data-elementor-type=\"wp-page\" data-elementor-id=\"2496\" class=\"elementor elementor-2496\" data-elementor-post-type=\"page\">\n\t\t\t\t<div class=\"elementor-element elementor-element-234f23c9 e-flex e-con-boxed e-con e-parent\" data-id=\"234f23c9\" data-element_type=\"container\" data-e-type=\"container\" data-settings=\"{&quot;background_background&quot;:&quot;classic&quot;}\">\n\t\t\t\t\t<div class=\"e-con-inner\">\n\t\t<div class=\"elementor-element elementor-element-47f97e0d e-flex e-con-boxed e-con e-child\" data-id=\"47f97e0d\" data-element_type=\"container\" data-e-type=\"container\">\n\t\t\t\t\t<div class=\"e-con-inner\">\n\t\t\t\t<div class=\"elementor-element elementor-element-712e7940 elementor-invisible elementor-widget elementor-widget-heading\" data-id=\"712e7940\" data-element_type=\"widget\" data-e-type=\"widget\" data-settings=\"{&quot;_animation&quot;:&quot;fadeInUp&quot;,&quot;_animation_delay&quot;:200}\" data-widget_type=\"heading.default\">\n\t\t\t\t\t<h1 class=\"elementor-heading-title elementor-size-default\">Sursum Corda<\/h1>\t\t\t\t<\/div>\n\t\t\t\t<div class=\"elementor-element elementor-element-3176bfd3 elementor-invisible elementor-widget elementor-widget-heading\" data-id=\"3176bfd3\" data-element_type=\"widget\" data-e-type=\"widget\" data-settings=\"{&quot;_animation&quot;:&quot;fadeInDown&quot;,&quot;_animation_delay&quot;:300}\" data-widget_type=\"heading.default\">\n\t\t\t\t\t<h2 class=\"elementor-heading-title elementor-size-default\">Brand strategy - Brand Architecture - Visual Identity - Packaging<\/h2>\t\t\t\t<\/div>\n\t\t\t\t\t<\/div>\n\t\t\t\t<\/div>\n\t\t\t\t\t<\/div>\n\t\t\t\t<\/div>\n\t\t<div class=\"elementor-element elementor-element-542f417 e-flex e-con-boxed e-con e-parent\" data-id=\"542f417\" data-element_type=\"container\" data-e-type=\"container\">\n\t\t\t\t\t<div class=\"e-con-inner\">\n\t\t\t\t<div class=\"elementor-element elementor-element-6ee8b11 elementor-widget elementor-widget-image\" data-id=\"6ee8b11\" data-element_type=\"widget\" data-e-type=\"widget\" data-widget_type=\"image.default\">\n\t\t\t\t\t\t\t\t\t\t\t\t\t\t\t<img fetchpriority=\"high\" decoding=\"async\" width=\"1920\" height=\"1080\" src=\"https:\/\/inspiritdesign.es\/wp-content\/uploads\/2026\/04\/48b6dc3a-56c7-4fcb-bf5c-c88c1ee72aaf_rw_1920.webp\" class=\"attachment-full size-full wp-image-2672\" alt=\"\" srcset=\"https:\/\/inspiritdesign.es\/wp-content\/uploads\/2026\/04\/48b6dc3a-56c7-4fcb-bf5c-c88c1ee72aaf_rw_1920.webp 1920w, https:\/\/inspiritdesign.es\/wp-content\/uploads\/2026\/04\/48b6dc3a-56c7-4fcb-bf5c-c88c1ee72aaf_rw_1920-300x169.webp 300w, https:\/\/inspiritdesign.es\/wp-content\/uploads\/2026\/04\/48b6dc3a-56c7-4fcb-bf5c-c88c1ee72aaf_rw_1920-1024x576.webp 1024w, https:\/\/inspiritdesign.es\/wp-content\/uploads\/2026\/04\/48b6dc3a-56c7-4fcb-bf5c-c88c1ee72aaf_rw_1920-768x432.webp 768w, https:\/\/inspiritdesign.es\/wp-content\/uploads\/2026\/04\/48b6dc3a-56c7-4fcb-bf5c-c88c1ee72aaf_rw_1920-1536x864.webp 1536w, https:\/\/inspiritdesign.es\/wp-content\/uploads\/2026\/04\/48b6dc3a-56c7-4fcb-bf5c-c88c1ee72aaf_rw_1920-18x10.webp 18w\" sizes=\"(max-width: 1920px) 100vw, 1920px\" \/>\t\t\t\t\t\t\t\t\t\t\t\t\t\t\t<\/div>\n\t\t\t\t\t<\/div>\n\t\t\t\t<\/div>\n\t\t<div class=\"elementor-element elementor-element-b6e66c0 e-flex e-con-boxed e-con e-parent\" data-id=\"b6e66c0\" data-element_type=\"container\" data-e-type=\"container\">\n\t\t\t\t\t<div class=\"e-con-inner\">\n\t\t\t\t<div class=\"elementor-element elementor-element-2bed7e0 elementor-widget elementor-widget-text-editor\" data-id=\"2bed7e0\" data-element_type=\"widget\" data-e-type=\"widget\" data-widget_type=\"text-editor.default\">\n\t\t\t\t\t\t\t\t\t<p class=\"translation-block\">Sursum Corda meaning <b>\"Lift up your hearts\"<\/b><\/p><p><span dir=\"auto\">We played with the Tierras de Cebreros logo on this range and add more impact including the roots ; the roots of the vineyards that have been fed for centuries by the highest aspirations.<\/span><\/p>\t\t\t\t\t\t\t\t<\/div>\n\t\t\t\t\t<\/div>\n\t\t\t\t<\/div>\n\t\t<div class=\"elementor-element elementor-element-7bbb387 e-flex e-con-boxed e-con e-parent\" data-id=\"7bbb387\" data-element_type=\"container\" data-e-type=\"container\">\n\t\t\t\t\t<div class=\"e-con-inner\">\n\t\t<div class=\"elementor-element elementor-element-276679f e-con-full e-flex e-con e-child\" data-id=\"276679f\" data-element_type=\"container\" data-e-type=\"container\">\n\t\t\t\t<div class=\"elementor-element elementor-element-6fdb830 elementor-widget elementor-widget-image\" data-id=\"6fdb830\" data-element_type=\"widget\" data-e-type=\"widget\" data-widget_type=\"image.default\">\n\t\t\t\t\t\t\t\t\t\t\t\t\t\t\t<img decoding=\"async\" width=\"1920\" height=\"1080\" src=\"https:\/\/inspiritdesign.es\/wp-content\/uploads\/2026\/04\/a6651d1f-2a7d-4b2d-b47e-b96def226bb4_rw_1920.webp\" class=\"attachment-full size-full wp-image-2676\" alt=\"\" srcset=\"https:\/\/inspiritdesign.es\/wp-content\/uploads\/2026\/04\/a6651d1f-2a7d-4b2d-b47e-b96def226bb4_rw_1920.webp 1920w, https:\/\/inspiritdesign.es\/wp-content\/uploads\/2026\/04\/a6651d1f-2a7d-4b2d-b47e-b96def226bb4_rw_1920-300x169.webp 300w, https:\/\/inspiritdesign.es\/wp-content\/uploads\/2026\/04\/a6651d1f-2a7d-4b2d-b47e-b96def226bb4_rw_1920-1024x576.webp 1024w, https:\/\/inspiritdesign.es\/wp-content\/uploads\/2026\/04\/a6651d1f-2a7d-4b2d-b47e-b96def226bb4_rw_1920-768x432.webp 768w, https:\/\/inspiritdesign.es\/wp-content\/uploads\/2026\/04\/a6651d1f-2a7d-4b2d-b47e-b96def226bb4_rw_1920-1536x864.webp 1536w, https:\/\/inspiritdesign.es\/wp-content\/uploads\/2026\/04\/a6651d1f-2a7d-4b2d-b47e-b96def226bb4_rw_1920-18x10.webp 18w\" sizes=\"(max-width: 1920px) 100vw, 1920px\" \/>\t\t\t\t\t\t\t\t\t\t\t\t\t\t\t<\/div>\n\t\t\t\t<\/div>\n\t\t<div class=\"elementor-element elementor-element-0b7e673 e-con-full e-flex e-con e-child\" data-id=\"0b7e673\" data-element_type=\"container\" data-e-type=\"container\">\n\t\t\t\t<div class=\"elementor-element elementor-element-7a40fba elementor-widget elementor-widget-image\" data-id=\"7a40fba\" data-element_type=\"widget\" data-e-type=\"widget\" data-widget_type=\"image.default\">\n\t\t\t\t\t\t\t\t\t\t\t\t\t\t\t<img decoding=\"async\" width=\"1920\" height=\"1080\" src=\"https:\/\/inspiritdesign.es\/wp-content\/uploads\/2026\/04\/e384592d-d2d7-475c-a369-14a0d4ffbee3_rw_1920.webp\" class=\"attachment-full size-full wp-image-2677\" alt=\"\" srcset=\"https:\/\/inspiritdesign.es\/wp-content\/uploads\/2026\/04\/e384592d-d2d7-475c-a369-14a0d4ffbee3_rw_1920.webp 1920w, https:\/\/inspiritdesign.es\/wp-content\/uploads\/2026\/04\/e384592d-d2d7-475c-a369-14a0d4ffbee3_rw_1920-300x169.webp 300w, https:\/\/inspiritdesign.es\/wp-content\/uploads\/2026\/04\/e384592d-d2d7-475c-a369-14a0d4ffbee3_rw_1920-1024x576.webp 1024w, https:\/\/inspiritdesign.es\/wp-content\/uploads\/2026\/04\/e384592d-d2d7-475c-a369-14a0d4ffbee3_rw_1920-768x432.webp 768w, https:\/\/inspiritdesign.es\/wp-content\/uploads\/2026\/04\/e384592d-d2d7-475c-a369-14a0d4ffbee3_rw_1920-1536x864.webp 1536w, https:\/\/inspiritdesign.es\/wp-content\/uploads\/2026\/04\/e384592d-d2d7-475c-a369-14a0d4ffbee3_rw_1920-18x10.webp 18w\" sizes=\"(max-width: 1920px) 100vw, 1920px\" \/>\t\t\t\t\t\t\t\t\t\t\t\t\t\t\t<\/div>\n\t\t\t\t<\/div>\n\t\t\t\t\t<\/div>\n\t\t\t\t<\/div>\n\t\t<div class=\"elementor-element elementor-element-9258ae9 e-flex e-con-boxed e-con e-parent\" data-id=\"9258ae9\" data-element_type=\"container\" data-e-type=\"container\">\n\t\t\t\t\t<div class=\"e-con-inner\">\n\t\t\t\t<div class=\"elementor-element elementor-element-a1e8195 elementor-widget elementor-widget-image\" data-id=\"a1e8195\" data-element_type=\"widget\" data-e-type=\"widget\" data-widget_type=\"image.default\">\n\t\t\t\t\t\t\t\t\t\t\t\t\t\t\t<img loading=\"lazy\" decoding=\"async\" width=\"1920\" height=\"1920\" src=\"https:\/\/inspiritdesign.es\/wp-content\/uploads\/2026\/04\/964dc2fb-c52b-44a1-b70f-19673fd7b001_rw_1920.webp\" class=\"attachment-full size-full wp-image-2678\" alt=\"\" srcset=\"https:\/\/inspiritdesign.es\/wp-content\/uploads\/2026\/04\/964dc2fb-c52b-44a1-b70f-19673fd7b001_rw_1920.webp 1920w, https:\/\/inspiritdesign.es\/wp-content\/uploads\/2026\/04\/964dc2fb-c52b-44a1-b70f-19673fd7b001_rw_1920-300x300.webp 300w, https:\/\/inspiritdesign.es\/wp-content\/uploads\/2026\/04\/964dc2fb-c52b-44a1-b70f-19673fd7b001_rw_1920-1024x1024.webp 1024w, https:\/\/inspiritdesign.es\/wp-content\/uploads\/2026\/04\/964dc2fb-c52b-44a1-b70f-19673fd7b001_rw_1920-150x150.webp 150w, https:\/\/inspiritdesign.es\/wp-content\/uploads\/2026\/04\/964dc2fb-c52b-44a1-b70f-19673fd7b001_rw_1920-768x768.webp 768w, https:\/\/inspiritdesign.es\/wp-content\/uploads\/2026\/04\/964dc2fb-c52b-44a1-b70f-19673fd7b001_rw_1920-1536x1536.webp 1536w, https:\/\/inspiritdesign.es\/wp-content\/uploads\/2026\/04\/964dc2fb-c52b-44a1-b70f-19673fd7b001_rw_1920-12x12.webp 12w\" sizes=\"(max-width: 1920px) 100vw, 1920px\" \/>\t\t\t\t\t\t\t\t\t\t\t\t\t\t\t<\/div>\n\t\t\t\t\t<\/div>\n\t\t\t\t<\/div>\n\t\t<div class=\"elementor-element elementor-element-e8d0eaf e-flex e-con-boxed e-con e-parent\" data-id=\"e8d0eaf\" data-element_type=\"container\" data-e-type=\"container\">\n\t\t\t\t\t<div class=\"e-con-inner\">\n\t\t\t\t<div class=\"elementor-element elementor-element-4425c5f elementor-widget elementor-widget-image\" data-id=\"4425c5f\" data-element_type=\"widget\" data-e-type=\"widget\" data-widget_type=\"image.default\">\n\t\t\t\t\t\t\t\t\t\t\t\t\t\t\t<img loading=\"lazy\" decoding=\"async\" width=\"1920\" height=\"1920\" src=\"https:\/\/inspiritdesign.es\/wp-content\/uploads\/2026\/04\/38de0d7c-df44-4dbf-871c-7d5892fcb45f_rw_1920.webp\" class=\"attachment-full size-full wp-image-2685\" alt=\"\" srcset=\"https:\/\/inspiritdesign.es\/wp-content\/uploads\/2026\/04\/38de0d7c-df44-4dbf-871c-7d5892fcb45f_rw_1920.webp 1920w, https:\/\/inspiritdesign.es\/wp-content\/uploads\/2026\/04\/38de0d7c-df44-4dbf-871c-7d5892fcb45f_rw_1920-300x300.webp 300w, https:\/\/inspiritdesign.es\/wp-content\/uploads\/2026\/04\/38de0d7c-df44-4dbf-871c-7d5892fcb45f_rw_1920-1024x1024.webp 1024w, https:\/\/inspiritdesign.es\/wp-content\/uploads\/2026\/04\/38de0d7c-df44-4dbf-871c-7d5892fcb45f_rw_1920-150x150.webp 150w, https:\/\/inspiritdesign.es\/wp-content\/uploads\/2026\/04\/38de0d7c-df44-4dbf-871c-7d5892fcb45f_rw_1920-768x768.webp 768w, https:\/\/inspiritdesign.es\/wp-content\/uploads\/2026\/04\/38de0d7c-df44-4dbf-871c-7d5892fcb45f_rw_1920-1536x1536.webp 1536w, https:\/\/inspiritdesign.es\/wp-content\/uploads\/2026\/04\/38de0d7c-df44-4dbf-871c-7d5892fcb45f_rw_1920-12x12.webp 12w\" sizes=\"(max-width: 1920px) 100vw, 1920px\" \/>\t\t\t\t\t\t\t\t\t\t\t\t\t\t\t<\/div>\n\t\t\t\t\t<\/div>\n\t\t\t\t<\/div>\n\t\t<div class=\"elementor-element elementor-element-3c25624 e-flex e-con-boxed e-con e-parent\" data-id=\"3c25624\" data-element_type=\"container\" data-e-type=\"container\">\n\t\t\t\t\t<div class=\"e-con-inner\">\n\t\t<div class=\"elementor-element elementor-element-50bc248 e-con-full e-flex e-con e-child\" data-id=\"50bc248\" data-element_type=\"container\" data-e-type=\"container\">\n\t\t\t\t<div class=\"elementor-element elementor-element-0801d3d elementor-widget elementor-widget-image\" data-id=\"0801d3d\" data-element_type=\"widget\" data-e-type=\"widget\" data-widget_type=\"image.default\">\n\t\t\t\t\t\t\t\t\t\t\t\t\t\t\t<img loading=\"lazy\" decoding=\"async\" width=\"1200\" height=\"1200\" src=\"https:\/\/inspiritdesign.es\/wp-content\/uploads\/2026\/04\/ee953ffa-8689-46ec-a80d-6e0008b04589_rw_1200.webp\" class=\"attachment-full size-full wp-image-2686\" alt=\"\" srcset=\"https:\/\/inspiritdesign.es\/wp-content\/uploads\/2026\/04\/ee953ffa-8689-46ec-a80d-6e0008b04589_rw_1200.webp 1200w, https:\/\/inspiritdesign.es\/wp-content\/uploads\/2026\/04\/ee953ffa-8689-46ec-a80d-6e0008b04589_rw_1200-300x300.webp 300w, https:\/\/inspiritdesign.es\/wp-content\/uploads\/2026\/04\/ee953ffa-8689-46ec-a80d-6e0008b04589_rw_1200-1024x1024.webp 1024w, https:\/\/inspiritdesign.es\/wp-content\/uploads\/2026\/04\/ee953ffa-8689-46ec-a80d-6e0008b04589_rw_1200-150x150.webp 150w, https:\/\/inspiritdesign.es\/wp-content\/uploads\/2026\/04\/ee953ffa-8689-46ec-a80d-6e0008b04589_rw_1200-768x768.webp 768w, https:\/\/inspiritdesign.es\/wp-content\/uploads\/2026\/04\/ee953ffa-8689-46ec-a80d-6e0008b04589_rw_1200-12x12.webp 12w\" sizes=\"(max-width: 1200px) 100vw, 1200px\" \/>\t\t\t\t\t\t\t\t\t\t\t\t\t\t\t<\/div>\n\t\t\t\t<\/div>\n\t\t<div class=\"elementor-element elementor-element-fc25a3c e-con-full e-flex e-con e-child\" data-id=\"fc25a3c\" data-element_type=\"container\" data-e-type=\"container\">\n\t\t\t\t<div class=\"elementor-element elementor-element-5970cf2 elementor-widget elementor-widget-image\" data-id=\"5970cf2\" data-element_type=\"widget\" data-e-type=\"widget\" data-widget_type=\"image.default\">\n\t\t\t\t\t\t\t\t\t\t\t\t\t\t\t<img loading=\"lazy\" decoding=\"async\" width=\"1200\" height=\"1200\" src=\"https:\/\/inspiritdesign.es\/wp-content\/uploads\/2026\/04\/57feff12-ab43-4c05-a854-2370c3435c80_rw_1200.webp\" class=\"attachment-full size-full wp-image-2687\" alt=\"\" srcset=\"https:\/\/inspiritdesign.es\/wp-content\/uploads\/2026\/04\/57feff12-ab43-4c05-a854-2370c3435c80_rw_1200.webp 1200w, https:\/\/inspiritdesign.es\/wp-content\/uploads\/2026\/04\/57feff12-ab43-4c05-a854-2370c3435c80_rw_1200-300x300.webp 300w, https:\/\/inspiritdesign.es\/wp-content\/uploads\/2026\/04\/57feff12-ab43-4c05-a854-2370c3435c80_rw_1200-1024x1024.webp 1024w, https:\/\/inspiritdesign.es\/wp-content\/uploads\/2026\/04\/57feff12-ab43-4c05-a854-2370c3435c80_rw_1200-150x150.webp 150w, https:\/\/inspiritdesign.es\/wp-content\/uploads\/2026\/04\/57feff12-ab43-4c05-a854-2370c3435c80_rw_1200-768x768.webp 768w, https:\/\/inspiritdesign.es\/wp-content\/uploads\/2026\/04\/57feff12-ab43-4c05-a854-2370c3435c80_rw_1200-12x12.webp 12w\" sizes=\"(max-width: 1200px) 100vw, 1200px\" \/>\t\t\t\t\t\t\t\t\t\t\t\t\t\t\t<\/div>\n\t\t\t\t<\/div>\n\t\t\t\t\t<\/div>\n\t\t\t\t<\/div>\n\t\t\t\t<\/div>","protected":false},"excerpt":{"rendered":"<p>Estrategia de marca &#8211; Arquitectura de marca &#8211; Identidad visual &#8211; Packaging Sursum Corda significa\u00a0\u00abLevantad vuestros corazones\u00ab. Jugamos con el logotipo de Tierras de Cebreros en esta gama y a\u00f1adimos m\u00e1s impacto, incluyendo las ra\u00edces; las ra\u00edces de los vi\u00f1edos que han sido alimentados durante siglos por las m\u00e1s altas aspiraciones.<\/p>","protected":false},"author":2,"featured_media":0,"parent":0,"menu_order":0,"comment_status":"closed","ping_status":"closed","template":"elementor_header_footer","meta":{"footnotes":""},"class_list":["post-2496","page","type-page","status-publish","hentry"],"yoast_head":"<!-- This site is optimized with the Yoast SEO plugin v27.1.1 - https:\/\/yoast.com\/product\/yoast-seo-wordpress\/ -->\n<title>Sursum Corda - Inspirit Design<\/title>\n<meta name=\"robots\" content=\"index, follow, max-snippet:-1, max-image-preview:large, max-video-preview:-1\" \/>\n<link rel=\"canonical\" href=\"https:\/\/inspiritdesign.es\/en\/sursum-corda\/\" \/>\n<meta property=\"og:locale\" content=\"en_GB\" \/>\n<meta property=\"og:type\" content=\"article\" \/>\n<meta property=\"og:title\" content=\"Sursum Corda - Inspirit Design\" \/>\n<meta property=\"og:description\" content=\"Estrategia de marca &#8211; Arquitectura de marca &#8211; Identidad visual &#8211; Packaging Sursum Corda significa\u00a0\u00abLevantad vuestros corazones\u00ab. Jugamos con el logotipo de Tierras de Cebreros en esta gama y a\u00f1adimos m\u00e1s impacto, incluyendo las ra\u00edces; las ra\u00edces de los vi\u00f1edos que han sido alimentados durante siglos por las m\u00e1s altas aspiraciones.\" \/>\n<meta property=\"og:url\" content=\"https:\/\/inspiritdesign.es\/en\/sursum-corda\/\" \/>\n<meta property=\"og:site_name\" content=\"Inspirit Design\" \/>\n<meta property=\"article:modified_time\" content=\"2026-04-13T18:53:28+00:00\" \/>\n<meta property=\"og:image\" content=\"https:\/\/inspiritdesign.es\/wp-content\/uploads\/2026\/04\/48b6dc3a-56c7-4fcb-bf5c-c88c1ee72aaf_rw_1920.webp\" \/>\n\t<meta property=\"og:image:width\" content=\"1920\" \/>\n\t<meta property=\"og:image:height\" content=\"1080\" \/>\n\t<meta property=\"og:image:type\" content=\"image\/jpeg\" \/>\n<meta name=\"twitter:card\" content=\"summary_large_image\" \/>\n<meta name=\"twitter:label1\" content=\"Estimated reading time\" \/>\n\t<meta name=\"twitter:data1\" content=\"1 minute\" \/>\n<script type=\"application\/ld+json\" class=\"yoast-schema-graph\">{\"@context\":\"https:\/\/schema.org\",\"@graph\":[{\"@type\":\"WebPage\",\"@id\":\"https:\/\/inspiritdesign.es\/sursum-corda\/\",\"url\":\"https:\/\/inspiritdesign.es\/sursum-corda\/\",\"name\":\"Sursum Corda - Inspirit Design\",\"isPartOf\":{\"@id\":\"https:\/\/inspiritdesign.es\/#website\"},\"primaryImageOfPage\":{\"@id\":\"https:\/\/inspiritdesign.es\/sursum-corda\/#primaryimage\"},\"image\":{\"@id\":\"https:\/\/inspiritdesign.es\/sursum-corda\/#primaryimage\"},\"thumbnailUrl\":\"https:\/\/inspiritdesign.es\/wp-content\/uploads\/2026\/04\/48b6dc3a-56c7-4fcb-bf5c-c88c1ee72aaf_rw_1920.webp\",\"datePublished\":\"2026-04-13T10:56:41+00:00\",\"dateModified\":\"2026-04-13T18:53:28+00:00\",\"breadcrumb\":{\"@id\":\"https:\/\/inspiritdesign.es\/sursum-corda\/#breadcrumb\"},\"inLanguage\":\"en-GB\",\"potentialAction\":[{\"@type\":\"ReadAction\",\"target\":[\"https:\/\/inspiritdesign.es\/sursum-corda\/\"]}]},{\"@type\":\"ImageObject\",\"inLanguage\":\"en-GB\",\"@id\":\"https:\/\/inspiritdesign.es\/sursum-corda\/#primaryimage\",\"url\":\"https:\/\/inspiritdesign.es\/wp-content\/uploads\/2026\/04\/48b6dc3a-56c7-4fcb-bf5c-c88c1ee72aaf_rw_1920.webp\",\"contentUrl\":\"https:\/\/inspiritdesign.es\/wp-content\/uploads\/2026\/04\/48b6dc3a-56c7-4fcb-bf5c-c88c1ee72aaf_rw_1920.webp\"},{\"@type\":\"BreadcrumbList\",\"@id\":\"https:\/\/inspiritdesign.es\/sursum-corda\/#breadcrumb\",\"itemListElement\":[{\"@type\":\"ListItem\",\"position\":1,\"name\":\"Portada\",\"item\":\"https:\/\/inspiritdesign.es\/\"},{\"@type\":\"ListItem\",\"position\":2,\"name\":\"Sursum Corda\"}]},{\"@type\":\"WebSite\",\"@id\":\"https:\/\/inspiritdesign.es\/#website\",\"url\":\"https:\/\/inspiritdesign.es\/\",\"name\":\"Inspirit Design\",\"description\":\"\",\"publisher\":{\"@id\":\"https:\/\/inspiritdesign.es\/#organization\"},\"potentialAction\":[{\"@type\":\"SearchAction\",\"target\":{\"@type\":\"EntryPoint\",\"urlTemplate\":\"https:\/\/inspiritdesign.es\/?s={search_term_string}\"},\"query-input\":{\"@type\":\"PropertyValueSpecification\",\"valueRequired\":true,\"valueName\":\"search_term_string\"}}],\"inLanguage\":\"en-GB\"},{\"@type\":\"Organization\",\"@id\":\"https:\/\/inspiritdesign.es\/#organization\",\"name\":\"Inspirit Design\",\"url\":\"https:\/\/inspiritdesign.es\/\",\"logo\":{\"@type\":\"ImageObject\",\"inLanguage\":\"en-GB\",\"@id\":\"https:\/\/inspiritdesign.es\/#\/schema\/logo\/image\/\",\"url\":\"https:\/\/inspiritdesign.es\/wp-content\/uploads\/2025\/12\/ISD-NEW-LOGO_RGB-Azul-HORIZON_alta.png\",\"contentUrl\":\"https:\/\/inspiritdesign.es\/wp-content\/uploads\/2025\/12\/ISD-NEW-LOGO_RGB-Azul-HORIZON_alta.png\",\"width\":986,\"height\":198,\"caption\":\"Inspirit Design\"},\"image\":{\"@id\":\"https:\/\/inspiritdesign.es\/#\/schema\/logo\/image\/\"}}]}<\/script>\n<!-- \/ Yoast SEO plugin. -->","yoast_head_json":{"title":"Sursum Corda - Inspirit Design","robots":{"index":"index","follow":"follow","max-snippet":"max-snippet:-1","max-image-preview":"max-image-preview:large","max-video-preview":"max-video-preview:-1"},"canonical":"https:\/\/inspiritdesign.es\/en\/sursum-corda\/","og_locale":"en_GB","og_type":"article","og_title":"Sursum Corda - Inspirit Design","og_description":"Estrategia de marca &#8211; Arquitectura de marca &#8211; Identidad visual &#8211; Packaging Sursum Corda significa\u00a0\u00abLevantad vuestros corazones\u00ab. Jugamos con el logotipo de Tierras de Cebreros en esta gama y a\u00f1adimos m\u00e1s impacto, incluyendo las ra\u00edces; las ra\u00edces de los vi\u00f1edos que han sido alimentados durante siglos por las m\u00e1s altas aspiraciones.","og_url":"https:\/\/inspiritdesign.es\/en\/sursum-corda\/","og_site_name":"Inspirit Design","article_modified_time":"2026-04-13T18:53:28+00:00","og_image":[{"width":1920,"height":1080,"url":"https:\/\/inspiritdesign.es\/wp-content\/uploads\/2026\/04\/48b6dc3a-56c7-4fcb-bf5c-c88c1ee72aaf_rw_1920.webp","type":"image\/jpeg"}],"twitter_card":"summary_large_image","twitter_misc":{"Estimated reading time":"1 minute"},"schema":{"@context":"https:\/\/schema.org","@graph":[{"@type":"WebPage","@id":"https:\/\/inspiritdesign.es\/sursum-corda\/","url":"https:\/\/inspiritdesign.es\/sursum-corda\/","name":"Sursum Corda - Inspirit Design","isPartOf":{"@id":"https:\/\/inspiritdesign.es\/#website"},"primaryImageOfPage":{"@id":"https:\/\/inspiritdesign.es\/sursum-corda\/#primaryimage"},"image":{"@id":"https:\/\/inspiritdesign.es\/sursum-corda\/#primaryimage"},"thumbnailUrl":"https:\/\/inspiritdesign.es\/wp-content\/uploads\/2026\/04\/48b6dc3a-56c7-4fcb-bf5c-c88c1ee72aaf_rw_1920.webp","datePublished":"2026-04-13T10:56:41+00:00","dateModified":"2026-04-13T18:53:28+00:00","breadcrumb":{"@id":"https:\/\/inspiritdesign.es\/sursum-corda\/#breadcrumb"},"inLanguage":"en-GB","potentialAction":[{"@type":"ReadAction","target":["https:\/\/inspiritdesign.es\/sursum-corda\/"]}]},{"@type":"ImageObject","inLanguage":"en-GB","@id":"https:\/\/inspiritdesign.es\/sursum-corda\/#primaryimage","url":"https:\/\/inspiritdesign.es\/wp-content\/uploads\/2026\/04\/48b6dc3a-56c7-4fcb-bf5c-c88c1ee72aaf_rw_1920.webp","contentUrl":"https:\/\/inspiritdesign.es\/wp-content\/uploads\/2026\/04\/48b6dc3a-56c7-4fcb-bf5c-c88c1ee72aaf_rw_1920.webp"},{"@type":"BreadcrumbList","@id":"https:\/\/inspiritdesign.es\/sursum-corda\/#breadcrumb","itemListElement":[{"@type":"ListItem","position":1,"name":"Portada","item":"https:\/\/inspiritdesign.es\/"},{"@type":"ListItem","position":2,"name":"Sursum Corda"}]},{"@type":"WebSite","@id":"https:\/\/inspiritdesign.es\/#website","url":"https:\/\/inspiritdesign.es\/","name":"Inspirit Design","description":"","publisher":{"@id":"https:\/\/inspiritdesign.es\/#organization"},"potentialAction":[{"@type":"SearchAction","target":{"@type":"EntryPoint","urlTemplate":"https:\/\/inspiritdesign.es\/?s={search_term_string}"},"query-input":{"@type":"PropertyValueSpecification","valueRequired":true,"valueName":"search_term_string"}}],"inLanguage":"en-GB"},{"@type":"Organization","@id":"https:\/\/inspiritdesign.es\/#organization","name":"Inspirit Design","url":"https:\/\/inspiritdesign.es\/","logo":{"@type":"ImageObject","inLanguage":"en-GB","@id":"https:\/\/inspiritdesign.es\/#\/schema\/logo\/image\/","url":"https:\/\/inspiritdesign.es\/wp-content\/uploads\/2025\/12\/ISD-NEW-LOGO_RGB-Azul-HORIZON_alta.png","contentUrl":"https:\/\/inspiritdesign.es\/wp-content\/uploads\/2025\/12\/ISD-NEW-LOGO_RGB-Azul-HORIZON_alta.png","width":986,"height":198,"caption":"Inspirit Design"},"image":{"@id":"https:\/\/inspiritdesign.es\/#\/schema\/logo\/image\/"}}]}},"_links":{"self":[{"href":"https:\/\/inspiritdesign.es\/en\/wp-json\/wp\/v2\/pages\/2496","targetHints":{"allow":["GET"]}}],"collection":[{"href":"https:\/\/inspiritdesign.es\/en\/wp-json\/wp\/v2\/pages"}],"about":[{"href":"https:\/\/inspiritdesign.es\/en\/wp-json\/wp\/v2\/types\/page"}],"author":[{"embeddable":true,"href":"https:\/\/inspiritdesign.es\/en\/wp-json\/wp\/v2\/users\/2"}],"replies":[{"embeddable":true,"href":"https:\/\/inspiritdesign.es\/en\/wp-json\/wp\/v2\/comments?post=2496"}],"version-history":[{"count":16,"href":"https:\/\/inspiritdesign.es\/en\/wp-json\/wp\/v2\/pages\/2496\/revisions"}],"predecessor-version":[{"id":2690,"href":"https:\/\/inspiritdesign.es\/en\/wp-json\/wp\/v2\/pages\/2496\/revisions\/2690"}],"wp:attachment":[{"href":"https:\/\/inspiritdesign.es\/en\/wp-json\/wp\/v2\/media?parent=2496"}],"curies":[{"name":"wp","href":"https:\/\/api.w.org\/{rel}","templated":true}]}}