{"id":2494,"date":"2026-04-13T12:56:48","date_gmt":"2026-04-13T10:56:48","guid":{"rendered":"https:\/\/inspiritdesign.es\/?page_id=2494"},"modified":"2026-04-13T20:45:20","modified_gmt":"2026-04-13T18:45:20","slug":"pascual-seleccion","status":"publish","type":"page","link":"https:\/\/inspiritdesign.es\/en\/pascual-seleccion\/","title":{"rendered":"Pascual Selecci\u00f3n"},"content":{"rendered":"<div data-elementor-type=\"wp-page\" data-elementor-id=\"2494\" class=\"elementor elementor-2494\" data-elementor-post-type=\"page\">\n\t\t\t\t<div class=\"elementor-element elementor-element-234f23c9 e-flex e-con-boxed e-con e-parent\" data-id=\"234f23c9\" data-element_type=\"container\" data-e-type=\"container\" data-settings=\"{&quot;background_background&quot;:&quot;classic&quot;}\">\n\t\t\t\t\t<div class=\"e-con-inner\">\n\t\t<div class=\"elementor-element elementor-element-47f97e0d e-flex e-con-boxed e-con e-child\" data-id=\"47f97e0d\" data-element_type=\"container\" data-e-type=\"container\">\n\t\t\t\t\t<div class=\"e-con-inner\">\n\t\t\t\t<div class=\"elementor-element elementor-element-712e7940 elementor-invisible elementor-widget elementor-widget-heading\" data-id=\"712e7940\" data-element_type=\"widget\" data-e-type=\"widget\" data-settings=\"{&quot;_animation&quot;:&quot;fadeInUp&quot;,&quot;_animation_delay&quot;:200}\" data-widget_type=\"heading.default\">\n\t\t\t\t\t<h1 class=\"elementor-heading-title elementor-size-default\">Pascual Selecci\u00f3n<\/h1>\t\t\t\t<\/div>\n\t\t\t\t<div class=\"elementor-element elementor-element-3176bfd3 elementor-invisible elementor-widget elementor-widget-heading\" data-id=\"3176bfd3\" data-element_type=\"widget\" data-e-type=\"widget\" data-settings=\"{&quot;_animation&quot;:&quot;fadeInDown&quot;,&quot;_animation_delay&quot;:300}\" data-widget_type=\"heading.default\">\n\t\t\t\t\t<h2 class=\"elementor-heading-title elementor-size-default\">Packaging (Glass bottle design)\n<\/h2>\t\t\t\t<\/div>\n\t\t\t\t\t<\/div>\n\t\t\t\t<\/div>\n\t\t\t\t\t<\/div>\n\t\t\t\t<\/div>\n\t\t<div class=\"elementor-element elementor-element-de8583a e-flex e-con-boxed e-con e-parent\" data-id=\"de8583a\" data-element_type=\"container\" data-e-type=\"container\">\n\t\t\t\t\t<div class=\"e-con-inner\">\n\t\t\t\t<div class=\"elementor-element elementor-element-8ab56b8 elementor-widget elementor-widget-text-editor\" data-id=\"8ab56b8\" data-element_type=\"widget\" data-e-type=\"widget\" data-widget_type=\"text-editor.default\">\n\t\t\t\t\t\t\t\t\t<p>In order to respond to the premium positioning that our customer wanted to give to its new fruit juice brand, created for the hospitality sector, we departed from a simple but powerful concept: \u201cthe forbidden fruit\u201d.<\/p>\t\t\t\t\t\t\t\t<\/div>\n\t\t\t\t\t<\/div>\n\t\t\t\t<\/div>\n\t\t<div class=\"elementor-element elementor-element-8ddfe4e e-flex e-con-boxed e-con e-parent\" data-id=\"8ddfe4e\" data-element_type=\"container\" data-e-type=\"container\">\n\t\t\t\t\t<div class=\"e-con-inner\">\n\t\t\t\t<div class=\"elementor-element elementor-element-f9bc7fc elementor-widget elementor-widget-image\" data-id=\"f9bc7fc\" data-element_type=\"widget\" data-e-type=\"widget\" data-widget_type=\"image.default\">\n\t\t\t\t\t\t\t\t\t\t\t\t\t\t\t<img fetchpriority=\"high\" decoding=\"async\" width=\"1813\" height=\"1813\" src=\"https:\/\/inspiritdesign.es\/wp-content\/uploads\/2026\/04\/61002428-74a6-4deb-b352-242612c2d4aa_rw_1920.webp\" class=\"attachment-full size-full wp-image-2658\" alt=\"\" srcset=\"https:\/\/inspiritdesign.es\/wp-content\/uploads\/2026\/04\/61002428-74a6-4deb-b352-242612c2d4aa_rw_1920.webp 1813w, https:\/\/inspiritdesign.es\/wp-content\/uploads\/2026\/04\/61002428-74a6-4deb-b352-242612c2d4aa_rw_1920-300x300.webp 300w, https:\/\/inspiritdesign.es\/wp-content\/uploads\/2026\/04\/61002428-74a6-4deb-b352-242612c2d4aa_rw_1920-1024x1024.webp 1024w, https:\/\/inspiritdesign.es\/wp-content\/uploads\/2026\/04\/61002428-74a6-4deb-b352-242612c2d4aa_rw_1920-150x150.webp 150w, https:\/\/inspiritdesign.es\/wp-content\/uploads\/2026\/04\/61002428-74a6-4deb-b352-242612c2d4aa_rw_1920-768x768.webp 768w, https:\/\/inspiritdesign.es\/wp-content\/uploads\/2026\/04\/61002428-74a6-4deb-b352-242612c2d4aa_rw_1920-1536x1536.webp 1536w, https:\/\/inspiritdesign.es\/wp-content\/uploads\/2026\/04\/61002428-74a6-4deb-b352-242612c2d4aa_rw_1920-12x12.webp 12w\" sizes=\"(max-width: 1813px) 100vw, 1813px\" \/>\t\t\t\t\t\t\t\t\t\t\t\t\t\t\t<\/div>\n\t\t\t\t\t<\/div>\n\t\t\t\t<\/div>\n\t\t<div class=\"elementor-element elementor-element-b067999 e-flex e-con-boxed e-con e-parent\" data-id=\"b067999\" data-element_type=\"container\" data-e-type=\"container\">\n\t\t\t\t\t<div class=\"e-con-inner\">\n\t\t\t\t<div class=\"elementor-element elementor-element-f774f38 elementor-widget elementor-widget-text-editor\" data-id=\"f774f38\" data-element_type=\"widget\" data-e-type=\"widget\" data-widget_type=\"text-editor.default\">\n\t\t\t\t\t\t\t\t\t<div><span class=\"texteditor-inline-color\"><span dir=\"auto\">We transformed the bitten apple in an innovative bottle shape, in the aim to evoke no one can resist to these naturally tasty fruit juices.<\/span><\/span><\/div><div>\u00a0<\/div><div><span class=\"texteditor-inline-color\"><span dir=\"auto\">The naturalness and quality of the product are also reinforced by the choice of the material, the glass, by the prominence of the transparency which showcases the product as it is, with nothing to hide, and also thanks to the large embossment of the brand.<\/span><\/span><\/div>\t\t\t\t\t\t\t\t<\/div>\n\t\t\t\t\t<\/div>\n\t\t\t\t<\/div>\n\t\t<div class=\"elementor-element elementor-element-7290441 e-flex e-con-boxed e-con e-parent\" data-id=\"7290441\" data-element_type=\"container\" data-e-type=\"container\">\n\t\t\t\t\t<div class=\"e-con-inner\">\n\t\t\t\t<div class=\"elementor-element elementor-element-ae3fbe0 elementor-widget elementor-widget-image\" data-id=\"ae3fbe0\" data-element_type=\"widget\" data-e-type=\"widget\" data-widget_type=\"image.default\">\n\t\t\t\t\t\t\t\t\t\t\t\t\t\t\t<img decoding=\"async\" width=\"1920\" height=\"1862\" src=\"https:\/\/inspiritdesign.es\/wp-content\/uploads\/2026\/04\/9642c759-ba19-40bf-a9b9-511ba6310efc_rw_1920.webp\" class=\"attachment-full size-full wp-image-2665\" alt=\"\" srcset=\"https:\/\/inspiritdesign.es\/wp-content\/uploads\/2026\/04\/9642c759-ba19-40bf-a9b9-511ba6310efc_rw_1920.webp 1920w, https:\/\/inspiritdesign.es\/wp-content\/uploads\/2026\/04\/9642c759-ba19-40bf-a9b9-511ba6310efc_rw_1920-300x291.webp 300w, https:\/\/inspiritdesign.es\/wp-content\/uploads\/2026\/04\/9642c759-ba19-40bf-a9b9-511ba6310efc_rw_1920-1024x993.webp 1024w, https:\/\/inspiritdesign.es\/wp-content\/uploads\/2026\/04\/9642c759-ba19-40bf-a9b9-511ba6310efc_rw_1920-768x745.webp 768w, https:\/\/inspiritdesign.es\/wp-content\/uploads\/2026\/04\/9642c759-ba19-40bf-a9b9-511ba6310efc_rw_1920-1536x1490.webp 1536w, https:\/\/inspiritdesign.es\/wp-content\/uploads\/2026\/04\/9642c759-ba19-40bf-a9b9-511ba6310efc_rw_1920-12x12.webp 12w\" sizes=\"(max-width: 1920px) 100vw, 1920px\" \/>\t\t\t\t\t\t\t\t\t\t\t\t\t\t\t<\/div>\n\t\t\t\t\t<\/div>\n\t\t\t\t<\/div>\n\t\t\t\t<\/div>","protected":false},"excerpt":{"rendered":"<p>Envase (Dise\u00f1o de botella de vidrio) Para responder al posicionamiento premium que nuestro cliente quer\u00eda dar a su nueva marca de zumos de frutas, creada para el sector de la hosteler\u00eda, partimos de un concepto simple pero poderoso: \u00abla fruta prohibida\u00bb. Hemos transformado la manzana mordida en una innovadora botella con forma, con el objetivo [&hellip;]<\/p>\n","protected":false},"author":2,"featured_media":0,"parent":0,"menu_order":0,"comment_status":"closed","ping_status":"closed","template":"elementor_header_footer","meta":{"footnotes":""},"class_list":["post-2494","page","type-page","status-publish","hentry"],"yoast_head":"<!-- This site is optimized with the Yoast SEO plugin v27.1.1 - https:\/\/yoast.com\/product\/yoast-seo-wordpress\/ -->\n<title>Pascual Selecci\u00f3n - Inspirit Design<\/title>\n<meta name=\"robots\" content=\"index, follow, max-snippet:-1, max-image-preview:large, max-video-preview:-1\" \/>\n<link rel=\"canonical\" href=\"https:\/\/inspiritdesign.es\/en\/pascual-seleccion\/\" \/>\n<meta property=\"og:locale\" content=\"en_GB\" \/>\n<meta property=\"og:type\" content=\"article\" \/>\n<meta property=\"og:title\" content=\"Pascual Selecci\u00f3n - Inspirit Design\" \/>\n<meta property=\"og:description\" content=\"Envase (Dise\u00f1o de botella de vidrio) Para responder al posicionamiento premium que nuestro cliente quer\u00eda dar a su nueva marca de zumos de frutas, creada para el sector de la hosteler\u00eda, partimos de un concepto simple pero poderoso: \u00abla fruta prohibida\u00bb. Hemos transformado la manzana mordida en una innovadora botella con forma, con el objetivo [&hellip;]\" \/>\n<meta property=\"og:url\" content=\"https:\/\/inspiritdesign.es\/en\/pascual-seleccion\/\" \/>\n<meta property=\"og:site_name\" content=\"Inspirit Design\" \/>\n<meta property=\"article:modified_time\" content=\"2026-04-13T18:45:20+00:00\" \/>\n<meta property=\"og:image\" content=\"https:\/\/inspiritdesign.es\/wp-content\/uploads\/2026\/04\/61002428-74a6-4deb-b352-242612c2d4aa_rw_1920.webp\" \/>\n\t<meta property=\"og:image:width\" content=\"1813\" \/>\n\t<meta property=\"og:image:height\" content=\"1813\" \/>\n\t<meta property=\"og:image:type\" content=\"image\/jpeg\" \/>\n<meta name=\"twitter:card\" content=\"summary_large_image\" \/>\n<meta name=\"twitter:label1\" content=\"Estimated reading time\" \/>\n\t<meta name=\"twitter:data1\" content=\"1 minute\" \/>\n<script type=\"application\/ld+json\" class=\"yoast-schema-graph\">{\"@context\":\"https:\/\/schema.org\",\"@graph\":[{\"@type\":\"WebPage\",\"@id\":\"https:\/\/inspiritdesign.es\/pascual-seleccion\/\",\"url\":\"https:\/\/inspiritdesign.es\/pascual-seleccion\/\",\"name\":\"Pascual Selecci\u00f3n - Inspirit Design\",\"isPartOf\":{\"@id\":\"https:\/\/inspiritdesign.es\/#website\"},\"primaryImageOfPage\":{\"@id\":\"https:\/\/inspiritdesign.es\/pascual-seleccion\/#primaryimage\"},\"image\":{\"@id\":\"https:\/\/inspiritdesign.es\/pascual-seleccion\/#primaryimage\"},\"thumbnailUrl\":\"https:\/\/inspiritdesign.es\/wp-content\/uploads\/2026\/04\/61002428-74a6-4deb-b352-242612c2d4aa_rw_1920.webp\",\"datePublished\":\"2026-04-13T10:56:48+00:00\",\"dateModified\":\"2026-04-13T18:45:20+00:00\",\"breadcrumb\":{\"@id\":\"https:\/\/inspiritdesign.es\/pascual-seleccion\/#breadcrumb\"},\"inLanguage\":\"en-GB\",\"potentialAction\":[{\"@type\":\"ReadAction\",\"target\":[\"https:\/\/inspiritdesign.es\/pascual-seleccion\/\"]}]},{\"@type\":\"ImageObject\",\"inLanguage\":\"en-GB\",\"@id\":\"https:\/\/inspiritdesign.es\/pascual-seleccion\/#primaryimage\",\"url\":\"https:\/\/inspiritdesign.es\/wp-content\/uploads\/2026\/04\/61002428-74a6-4deb-b352-242612c2d4aa_rw_1920.webp\",\"contentUrl\":\"https:\/\/inspiritdesign.es\/wp-content\/uploads\/2026\/04\/61002428-74a6-4deb-b352-242612c2d4aa_rw_1920.webp\"},{\"@type\":\"BreadcrumbList\",\"@id\":\"https:\/\/inspiritdesign.es\/pascual-seleccion\/#breadcrumb\",\"itemListElement\":[{\"@type\":\"ListItem\",\"position\":1,\"name\":\"Portada\",\"item\":\"https:\/\/inspiritdesign.es\/\"},{\"@type\":\"ListItem\",\"position\":2,\"name\":\"Pascual Selecci\u00f3n\"}]},{\"@type\":\"WebSite\",\"@id\":\"https:\/\/inspiritdesign.es\/#website\",\"url\":\"https:\/\/inspiritdesign.es\/\",\"name\":\"Inspirit Design\",\"description\":\"\",\"publisher\":{\"@id\":\"https:\/\/inspiritdesign.es\/#organization\"},\"potentialAction\":[{\"@type\":\"SearchAction\",\"target\":{\"@type\":\"EntryPoint\",\"urlTemplate\":\"https:\/\/inspiritdesign.es\/?s={search_term_string}\"},\"query-input\":{\"@type\":\"PropertyValueSpecification\",\"valueRequired\":true,\"valueName\":\"search_term_string\"}}],\"inLanguage\":\"en-GB\"},{\"@type\":\"Organization\",\"@id\":\"https:\/\/inspiritdesign.es\/#organization\",\"name\":\"Inspirit Design\",\"url\":\"https:\/\/inspiritdesign.es\/\",\"logo\":{\"@type\":\"ImageObject\",\"inLanguage\":\"en-GB\",\"@id\":\"https:\/\/inspiritdesign.es\/#\/schema\/logo\/image\/\",\"url\":\"https:\/\/inspiritdesign.es\/wp-content\/uploads\/2025\/12\/ISD-NEW-LOGO_RGB-Azul-HORIZON_alta.png\",\"contentUrl\":\"https:\/\/inspiritdesign.es\/wp-content\/uploads\/2025\/12\/ISD-NEW-LOGO_RGB-Azul-HORIZON_alta.png\",\"width\":986,\"height\":198,\"caption\":\"Inspirit Design\"},\"image\":{\"@id\":\"https:\/\/inspiritdesign.es\/#\/schema\/logo\/image\/\"}}]}<\/script>\n<!-- \/ Yoast SEO plugin. -->","yoast_head_json":{"title":"Pascual Selecci\u00f3n - Inspirit Design","robots":{"index":"index","follow":"follow","max-snippet":"max-snippet:-1","max-image-preview":"max-image-preview:large","max-video-preview":"max-video-preview:-1"},"canonical":"https:\/\/inspiritdesign.es\/en\/pascual-seleccion\/","og_locale":"en_GB","og_type":"article","og_title":"Pascual Selecci\u00f3n - Inspirit Design","og_description":"Envase (Dise\u00f1o de botella de vidrio) Para responder al posicionamiento premium que nuestro cliente quer\u00eda dar a su nueva marca de zumos de frutas, creada para el sector de la hosteler\u00eda, partimos de un concepto simple pero poderoso: \u00abla fruta prohibida\u00bb. Hemos transformado la manzana mordida en una innovadora botella con forma, con el objetivo [&hellip;]","og_url":"https:\/\/inspiritdesign.es\/en\/pascual-seleccion\/","og_site_name":"Inspirit Design","article_modified_time":"2026-04-13T18:45:20+00:00","og_image":[{"width":1813,"height":1813,"url":"https:\/\/inspiritdesign.es\/wp-content\/uploads\/2026\/04\/61002428-74a6-4deb-b352-242612c2d4aa_rw_1920.webp","type":"image\/jpeg"}],"twitter_card":"summary_large_image","twitter_misc":{"Estimated reading time":"1 minute"},"schema":{"@context":"https:\/\/schema.org","@graph":[{"@type":"WebPage","@id":"https:\/\/inspiritdesign.es\/pascual-seleccion\/","url":"https:\/\/inspiritdesign.es\/pascual-seleccion\/","name":"Pascual Selecci\u00f3n - Inspirit Design","isPartOf":{"@id":"https:\/\/inspiritdesign.es\/#website"},"primaryImageOfPage":{"@id":"https:\/\/inspiritdesign.es\/pascual-seleccion\/#primaryimage"},"image":{"@id":"https:\/\/inspiritdesign.es\/pascual-seleccion\/#primaryimage"},"thumbnailUrl":"https:\/\/inspiritdesign.es\/wp-content\/uploads\/2026\/04\/61002428-74a6-4deb-b352-242612c2d4aa_rw_1920.webp","datePublished":"2026-04-13T10:56:48+00:00","dateModified":"2026-04-13T18:45:20+00:00","breadcrumb":{"@id":"https:\/\/inspiritdesign.es\/pascual-seleccion\/#breadcrumb"},"inLanguage":"en-GB","potentialAction":[{"@type":"ReadAction","target":["https:\/\/inspiritdesign.es\/pascual-seleccion\/"]}]},{"@type":"ImageObject","inLanguage":"en-GB","@id":"https:\/\/inspiritdesign.es\/pascual-seleccion\/#primaryimage","url":"https:\/\/inspiritdesign.es\/wp-content\/uploads\/2026\/04\/61002428-74a6-4deb-b352-242612c2d4aa_rw_1920.webp","contentUrl":"https:\/\/inspiritdesign.es\/wp-content\/uploads\/2026\/04\/61002428-74a6-4deb-b352-242612c2d4aa_rw_1920.webp"},{"@type":"BreadcrumbList","@id":"https:\/\/inspiritdesign.es\/pascual-seleccion\/#breadcrumb","itemListElement":[{"@type":"ListItem","position":1,"name":"Portada","item":"https:\/\/inspiritdesign.es\/"},{"@type":"ListItem","position":2,"name":"Pascual Selecci\u00f3n"}]},{"@type":"WebSite","@id":"https:\/\/inspiritdesign.es\/#website","url":"https:\/\/inspiritdesign.es\/","name":"Inspirit Design","description":"","publisher":{"@id":"https:\/\/inspiritdesign.es\/#organization"},"potentialAction":[{"@type":"SearchAction","target":{"@type":"EntryPoint","urlTemplate":"https:\/\/inspiritdesign.es\/?s={search_term_string}"},"query-input":{"@type":"PropertyValueSpecification","valueRequired":true,"valueName":"search_term_string"}}],"inLanguage":"en-GB"},{"@type":"Organization","@id":"https:\/\/inspiritdesign.es\/#organization","name":"Inspirit Design","url":"https:\/\/inspiritdesign.es\/","logo":{"@type":"ImageObject","inLanguage":"en-GB","@id":"https:\/\/inspiritdesign.es\/#\/schema\/logo\/image\/","url":"https:\/\/inspiritdesign.es\/wp-content\/uploads\/2025\/12\/ISD-NEW-LOGO_RGB-Azul-HORIZON_alta.png","contentUrl":"https:\/\/inspiritdesign.es\/wp-content\/uploads\/2025\/12\/ISD-NEW-LOGO_RGB-Azul-HORIZON_alta.png","width":986,"height":198,"caption":"Inspirit Design"},"image":{"@id":"https:\/\/inspiritdesign.es\/#\/schema\/logo\/image\/"}}]}},"_links":{"self":[{"href":"https:\/\/inspiritdesign.es\/en\/wp-json\/wp\/v2\/pages\/2494","targetHints":{"allow":["GET"]}}],"collection":[{"href":"https:\/\/inspiritdesign.es\/en\/wp-json\/wp\/v2\/pages"}],"about":[{"href":"https:\/\/inspiritdesign.es\/en\/wp-json\/wp\/v2\/types\/page"}],"author":[{"embeddable":true,"href":"https:\/\/inspiritdesign.es\/en\/wp-json\/wp\/v2\/users\/2"}],"replies":[{"embeddable":true,"href":"https:\/\/inspiritdesign.es\/en\/wp-json\/wp\/v2\/comments?post=2494"}],"version-history":[{"count":16,"href":"https:\/\/inspiritdesign.es\/en\/wp-json\/wp\/v2\/pages\/2494\/revisions"}],"predecessor-version":[{"id":2668,"href":"https:\/\/inspiritdesign.es\/en\/wp-json\/wp\/v2\/pages\/2494\/revisions\/2668"}],"wp:attachment":[{"href":"https:\/\/inspiritdesign.es\/en\/wp-json\/wp\/v2\/media?parent=2494"}],"curies":[{"name":"wp","href":"https:\/\/api.w.org\/{rel}","templated":true}]}}