{"id":2488,"date":"2026-04-13T12:57:03","date_gmt":"2026-04-13T10:57:03","guid":{"rendered":"https:\/\/inspiritdesign.es\/?page_id=2488"},"modified":"2026-04-13T20:25:57","modified_gmt":"2026-04-13T18:25:57","slug":"pure-tea","status":"publish","type":"page","link":"https:\/\/inspiritdesign.es\/en\/pure-tea\/","title":{"rendered":"PURE TEA"},"content":{"rendered":"<div data-elementor-type=\"wp-page\" data-elementor-id=\"2488\" class=\"elementor elementor-2488\" data-elementor-post-type=\"page\">\n\t\t\t\t<div class=\"elementor-element elementor-element-234f23c9 e-flex e-con-boxed e-con e-parent\" data-id=\"234f23c9\" data-element_type=\"container\" data-e-type=\"container\" data-settings=\"{&quot;background_background&quot;:&quot;classic&quot;}\">\n\t\t\t\t\t<div class=\"e-con-inner\">\n\t\t<div class=\"elementor-element elementor-element-47f97e0d e-flex e-con-boxed e-con e-child\" data-id=\"47f97e0d\" data-element_type=\"container\" data-e-type=\"container\">\n\t\t\t\t\t<div class=\"e-con-inner\">\n\t\t\t\t<div class=\"elementor-element elementor-element-712e7940 elementor-invisible elementor-widget elementor-widget-heading\" data-id=\"712e7940\" data-element_type=\"widget\" data-e-type=\"widget\" data-settings=\"{&quot;_animation&quot;:&quot;fadeInUp&quot;,&quot;_animation_delay&quot;:200}\" data-widget_type=\"heading.default\">\n\t\t\t\t\t<h1 class=\"elementor-heading-title elementor-size-default\">PURE TEA<\/h1>\t\t\t\t<\/div>\n\t\t\t\t<div class=\"elementor-element elementor-element-3176bfd3 elementor-invisible elementor-widget elementor-widget-heading\" data-id=\"3176bfd3\" data-element_type=\"widget\" data-e-type=\"widget\" data-settings=\"{&quot;_animation&quot;:&quot;fadeInDown&quot;,&quot;_animation_delay&quot;:300}\" data-widget_type=\"heading.default\">\n\t\t\t\t\t<h2 class=\"elementor-heading-title elementor-size-default\">Packaging (PET bottle design)<\/h2>\t\t\t\t<\/div>\n\t\t\t\t\t<\/div>\n\t\t\t\t<\/div>\n\t\t\t\t\t<\/div>\n\t\t\t\t<\/div>\n\t\t<div class=\"elementor-element elementor-element-10614a64 e-flex e-con-boxed e-con e-parent\" data-id=\"10614a64\" data-element_type=\"container\" data-e-type=\"container\">\n\t\t\t\t\t<div class=\"e-con-inner\">\n\t\t<div class=\"elementor-element elementor-element-586f1c83 e-con-full e-flex elementor-invisible e-con e-child\" data-id=\"586f1c83\" data-element_type=\"container\" data-e-type=\"container\" data-settings=\"{&quot;animation&quot;:&quot;fadeInLeft&quot;}\">\n\t\t\t\t<div class=\"elementor-element elementor-element-1167f1a elementor-widget elementor-widget-text-editor\" data-id=\"1167f1a\" data-element_type=\"widget\" data-e-type=\"widget\" data-widget_type=\"text-editor.default\">\n\t\t\t\t\t\t\t\t\t<p>Ming Ming Shi Tea is the intersection of motion and emotion, tradition and taste. The Oolong and Green Tea variants are traditionally crafted, using select teas from Fujian Province, China, without added aromas, colouring, preservatives or sugars.<\/p>\t\t\t\t\t\t\t\t<\/div>\n\t\t\t\t<\/div>\n\t\t\t\t\t<\/div>\n\t\t\t\t<\/div>\n\t\t<div class=\"elementor-element elementor-element-e8a1bf3 e-flex e-con-boxed e-con e-parent\" data-id=\"e8a1bf3\" data-element_type=\"container\" data-e-type=\"container\">\n\t\t\t\t\t<div class=\"e-con-inner\">\n\t\t\t\t<div class=\"elementor-element elementor-element-e52d7fd elementor-widget elementor-widget-image\" data-id=\"e52d7fd\" data-element_type=\"widget\" data-e-type=\"widget\" data-widget_type=\"image.default\">\n\t\t\t\t\t\t\t\t\t\t\t\t\t\t\t<img fetchpriority=\"high\" decoding=\"async\" width=\"1920\" height=\"1247\" src=\"https:\/\/inspiritdesign.es\/wp-content\/uploads\/2026\/04\/1eb90395-1073-4a8f-abfa-99313fb3fa72_rw_1920.webp\" class=\"attachment-full size-full wp-image-2601\" alt=\"\" srcset=\"https:\/\/inspiritdesign.es\/wp-content\/uploads\/2026\/04\/1eb90395-1073-4a8f-abfa-99313fb3fa72_rw_1920.webp 1920w, https:\/\/inspiritdesign.es\/wp-content\/uploads\/2026\/04\/1eb90395-1073-4a8f-abfa-99313fb3fa72_rw_1920-300x195.webp 300w, https:\/\/inspiritdesign.es\/wp-content\/uploads\/2026\/04\/1eb90395-1073-4a8f-abfa-99313fb3fa72_rw_1920-1024x665.webp 1024w, https:\/\/inspiritdesign.es\/wp-content\/uploads\/2026\/04\/1eb90395-1073-4a8f-abfa-99313fb3fa72_rw_1920-768x499.webp 768w, https:\/\/inspiritdesign.es\/wp-content\/uploads\/2026\/04\/1eb90395-1073-4a8f-abfa-99313fb3fa72_rw_1920-1536x998.webp 1536w, https:\/\/inspiritdesign.es\/wp-content\/uploads\/2026\/04\/1eb90395-1073-4a8f-abfa-99313fb3fa72_rw_1920-18x12.webp 18w\" sizes=\"(max-width: 1920px) 100vw, 1920px\" \/>\t\t\t\t\t\t\t\t\t\t\t\t\t\t\t<\/div>\n\t\t\t\t\t<\/div>\n\t\t\t\t<\/div>\n\t\t<div class=\"elementor-element elementor-element-2bc6ae1 e-flex e-con-boxed e-con e-parent\" data-id=\"2bc6ae1\" data-element_type=\"container\" data-e-type=\"container\">\n\t\t\t\t\t<div class=\"e-con-inner\">\n\t\t\t\t<div class=\"elementor-element elementor-element-d1b895c elementor-widget elementor-widget-text-editor\" data-id=\"d1b895c\" data-element_type=\"widget\" data-e-type=\"widget\" data-widget_type=\"text-editor.default\">\n\t\t\t\t\t\t\t\t\t<p>The design echoes the authenticity and the sublime experience of drinking this pure, genuine and premium tea, creating a deep, natural feeling via the rising and falling tea leaves, seemingly stopping the passage of time.  The bottle shape is monolithic \u2013 strong, confident, neither masculine nor feminine.  The brand name, presented in a traditional vertical banner, stands with authority in the foreground, leaves mixing behind.  Working in harmony, the graphics and shape create a meaningful moment in time to taste, savor and enjoy.<\/p>\t\t\t\t\t\t\t\t<\/div>\n\t\t\t\t\t<\/div>\n\t\t\t\t<\/div>\n\t\t<div class=\"elementor-element elementor-element-4241d2f e-flex e-con-boxed e-con e-parent\" data-id=\"4241d2f\" data-element_type=\"container\" data-e-type=\"container\">\n\t\t\t\t\t<div class=\"e-con-inner\">\n\t\t\t\t<div class=\"elementor-element elementor-element-15d8d0c elementor-widget elementor-widget-image\" data-id=\"15d8d0c\" data-element_type=\"widget\" data-e-type=\"widget\" data-widget_type=\"image.default\">\n\t\t\t\t\t\t\t\t\t\t\t\t\t\t\t<img decoding=\"async\" width=\"1920\" height=\"1280\" src=\"https:\/\/inspiritdesign.es\/wp-content\/uploads\/2026\/04\/3fe0860c-c6c2-482a-a367-ce9cf26bc150_rw_1920.webp\" class=\"attachment-full size-full wp-image-2608\" alt=\"\" srcset=\"https:\/\/inspiritdesign.es\/wp-content\/uploads\/2026\/04\/3fe0860c-c6c2-482a-a367-ce9cf26bc150_rw_1920.webp 1920w, https:\/\/inspiritdesign.es\/wp-content\/uploads\/2026\/04\/3fe0860c-c6c2-482a-a367-ce9cf26bc150_rw_1920-300x200.webp 300w, https:\/\/inspiritdesign.es\/wp-content\/uploads\/2026\/04\/3fe0860c-c6c2-482a-a367-ce9cf26bc150_rw_1920-1024x683.webp 1024w, https:\/\/inspiritdesign.es\/wp-content\/uploads\/2026\/04\/3fe0860c-c6c2-482a-a367-ce9cf26bc150_rw_1920-768x512.webp 768w, https:\/\/inspiritdesign.es\/wp-content\/uploads\/2026\/04\/3fe0860c-c6c2-482a-a367-ce9cf26bc150_rw_1920-1536x1024.webp 1536w, https:\/\/inspiritdesign.es\/wp-content\/uploads\/2026\/04\/3fe0860c-c6c2-482a-a367-ce9cf26bc150_rw_1920-18x12.webp 18w\" sizes=\"(max-width: 1920px) 100vw, 1920px\" \/>\t\t\t\t\t\t\t\t\t\t\t\t\t\t\t<\/div>\n\t\t\t\t\t<\/div>\n\t\t\t\t<\/div>\n\t\t<div class=\"elementor-element elementor-element-f9b7085 e-flex e-con-boxed e-con e-parent\" data-id=\"f9b7085\" data-element_type=\"container\" data-e-type=\"container\">\n\t\t\t\t\t<div class=\"e-con-inner\">\n\t\t\t\t<div class=\"elementor-element elementor-element-2d82f09 elementor-widget elementor-widget-text-editor\" data-id=\"2d82f09\" data-element_type=\"widget\" data-e-type=\"widget\" data-widget_type=\"text-editor.default\">\n\t\t\t\t\t\t\t\t\t<div class=\"project-module module text project-module-text align- js-project-module e2e-site-project-module-text\"><div class=\"rich-text js-text-editable module-text\"><div><em><span dir=\"auto\">In Spirit Design created the shape of the PET bottle while the graphic design had been entrusted to the Japanese agency Bravis International Limited.<\/span><\/em><\/div><\/div><\/div><div class=\"project-module module image project-module-image js-js-project-module\"><div class=\"js-lightbox lightbox-link\" data-src=\"https:\/\/cdn.myportfolio.com\/d386633c-b187-407e-abc7-5a07a6c866b7\/e1d4b8ff-be1d-4204-9914-1b2811553b86.jpg?h=6ef8f088ef793ca827cb29747a706573\">\u00a0<\/div><\/div>\t\t\t\t\t\t\t\t<\/div>\n\t\t\t\t\t<\/div>\n\t\t\t\t<\/div>\n\t\t<div class=\"elementor-element elementor-element-6f0f00b e-flex e-con-boxed e-con e-parent\" data-id=\"6f0f00b\" data-element_type=\"container\" data-e-type=\"container\">\n\t\t\t\t\t<div class=\"e-con-inner\">\n\t\t\t\t<div class=\"elementor-element elementor-element-f06130b elementor-widget elementor-widget-image\" data-id=\"f06130b\" data-element_type=\"widget\" data-e-type=\"widget\" data-widget_type=\"image.default\">\n\t\t\t\t\t\t\t\t\t\t\t\t\t\t\t<img decoding=\"async\" width=\"1200\" height=\"1807\" src=\"https:\/\/inspiritdesign.es\/wp-content\/uploads\/2026\/04\/e1d4b8ff-be1d-4204-9914-1b2811553b86_rw_1200.webp\" class=\"attachment-full size-full wp-image-2609\" alt=\"\" srcset=\"https:\/\/inspiritdesign.es\/wp-content\/uploads\/2026\/04\/e1d4b8ff-be1d-4204-9914-1b2811553b86_rw_1200.webp 1200w, https:\/\/inspiritdesign.es\/wp-content\/uploads\/2026\/04\/e1d4b8ff-be1d-4204-9914-1b2811553b86_rw_1200-199x300.webp 199w, https:\/\/inspiritdesign.es\/wp-content\/uploads\/2026\/04\/e1d4b8ff-be1d-4204-9914-1b2811553b86_rw_1200-680x1024.webp 680w, https:\/\/inspiritdesign.es\/wp-content\/uploads\/2026\/04\/e1d4b8ff-be1d-4204-9914-1b2811553b86_rw_1200-768x1156.webp 768w, https:\/\/inspiritdesign.es\/wp-content\/uploads\/2026\/04\/e1d4b8ff-be1d-4204-9914-1b2811553b86_rw_1200-1020x1536.webp 1020w, https:\/\/inspiritdesign.es\/wp-content\/uploads\/2026\/04\/e1d4b8ff-be1d-4204-9914-1b2811553b86_rw_1200-8x12.webp 8w\" sizes=\"(max-width: 1200px) 100vw, 1200px\" \/>\t\t\t\t\t\t\t\t\t\t\t\t\t\t\t<\/div>\n\t\t\t\t\t<\/div>\n\t\t\t\t<\/div>\n\t\t<div class=\"elementor-element elementor-element-f902d81 e-flex e-con-boxed e-con e-parent\" data-id=\"f902d81\" data-element_type=\"container\" data-e-type=\"container\">\n\t\t\t\t\t<div class=\"e-con-inner\">\n\t\t\t\t<div class=\"elementor-element elementor-element-056a7d8 elementor-widget elementor-widget-image\" data-id=\"056a7d8\" data-element_type=\"widget\" data-e-type=\"widget\" data-widget_type=\"image.default\">\n\t\t\t\t\t\t\t\t\t\t\t\t\t\t\t<img loading=\"lazy\" decoding=\"async\" width=\"1200\" height=\"1807\" src=\"https:\/\/inspiritdesign.es\/wp-content\/uploads\/2026\/04\/ff9e9094-1c20-4332-960c-f25468e5cab3_rw_1200.webp\" class=\"attachment-full size-full wp-image-2610\" alt=\"\" srcset=\"https:\/\/inspiritdesign.es\/wp-content\/uploads\/2026\/04\/ff9e9094-1c20-4332-960c-f25468e5cab3_rw_1200.webp 1200w, https:\/\/inspiritdesign.es\/wp-content\/uploads\/2026\/04\/ff9e9094-1c20-4332-960c-f25468e5cab3_rw_1200-199x300.webp 199w, https:\/\/inspiritdesign.es\/wp-content\/uploads\/2026\/04\/ff9e9094-1c20-4332-960c-f25468e5cab3_rw_1200-680x1024.webp 680w, https:\/\/inspiritdesign.es\/wp-content\/uploads\/2026\/04\/ff9e9094-1c20-4332-960c-f25468e5cab3_rw_1200-768x1156.webp 768w, https:\/\/inspiritdesign.es\/wp-content\/uploads\/2026\/04\/ff9e9094-1c20-4332-960c-f25468e5cab3_rw_1200-1020x1536.webp 1020w, https:\/\/inspiritdesign.es\/wp-content\/uploads\/2026\/04\/ff9e9094-1c20-4332-960c-f25468e5cab3_rw_1200-8x12.webp 8w\" sizes=\"(max-width: 1200px) 100vw, 1200px\" \/>\t\t\t\t\t\t\t\t\t\t\t\t\t\t\t<\/div>\n\t\t\t\t\t<\/div>\n\t\t\t\t<\/div>\n\t\t\t\t<\/div>","protected":false},"excerpt":{"rendered":"<p>Envase (dise\u00f1o de botella de PET) Ming Ming Shi Tea es la fusi\u00f3n de movimiento y emoci\u00f3n, tradici\u00f3n y sabor. Las variedades de t\u00e9 oolong y t\u00e9 verde se elaboran de forma tradicional, utilizando t\u00e9s selectos de la provincia de Fujian, China, sin aromatizantes, colorantes, conservantes ni az\u00facares a\u00f1adidos. El dise\u00f1o evoca la autenticidad y [&hellip;]<\/p>\n","protected":false},"author":2,"featured_media":0,"parent":0,"menu_order":0,"comment_status":"closed","ping_status":"closed","template":"elementor_header_footer","meta":{"footnotes":""},"class_list":["post-2488","page","type-page","status-publish","hentry"],"yoast_head":"<!-- This site is optimized with the Yoast SEO plugin v27.1.1 - https:\/\/yoast.com\/product\/yoast-seo-wordpress\/ -->\n<title>PURE TEA - Inspirit Design<\/title>\n<meta name=\"robots\" content=\"index, follow, max-snippet:-1, max-image-preview:large, max-video-preview:-1\" \/>\n<link rel=\"canonical\" href=\"https:\/\/inspiritdesign.es\/en\/pure-tea\/\" \/>\n<meta property=\"og:locale\" content=\"en_GB\" \/>\n<meta property=\"og:type\" content=\"article\" \/>\n<meta property=\"og:title\" content=\"PURE TEA - Inspirit Design\" \/>\n<meta property=\"og:description\" content=\"Envase (dise\u00f1o de botella de PET) Ming Ming Shi Tea es la fusi\u00f3n de movimiento y emoci\u00f3n, tradici\u00f3n y sabor. Las variedades de t\u00e9 oolong y t\u00e9 verde se elaboran de forma tradicional, utilizando t\u00e9s selectos de la provincia de Fujian, China, sin aromatizantes, colorantes, conservantes ni az\u00facares a\u00f1adidos. El dise\u00f1o evoca la autenticidad y [&hellip;]\" \/>\n<meta property=\"og:url\" content=\"https:\/\/inspiritdesign.es\/en\/pure-tea\/\" \/>\n<meta property=\"og:site_name\" content=\"Inspirit Design\" \/>\n<meta property=\"article:modified_time\" content=\"2026-04-13T18:25:57+00:00\" \/>\n<meta property=\"og:image\" content=\"https:\/\/inspiritdesign.es\/wp-content\/uploads\/2026\/04\/1eb90395-1073-4a8f-abfa-99313fb3fa72_rw_1920.webp\" \/>\n\t<meta property=\"og:image:width\" content=\"1920\" \/>\n\t<meta property=\"og:image:height\" content=\"1247\" \/>\n\t<meta property=\"og:image:type\" content=\"image\/jpeg\" \/>\n<meta name=\"twitter:card\" content=\"summary_large_image\" \/>\n<meta name=\"twitter:label1\" content=\"Estimated reading time\" \/>\n\t<meta name=\"twitter:data1\" content=\"1 minute\" \/>\n<script type=\"application\/ld+json\" class=\"yoast-schema-graph\">{\"@context\":\"https:\/\/schema.org\",\"@graph\":[{\"@type\":\"WebPage\",\"@id\":\"https:\/\/inspiritdesign.es\/pure-tea\/\",\"url\":\"https:\/\/inspiritdesign.es\/pure-tea\/\",\"name\":\"PURE TEA - Inspirit Design\",\"isPartOf\":{\"@id\":\"https:\/\/inspiritdesign.es\/#website\"},\"primaryImageOfPage\":{\"@id\":\"https:\/\/inspiritdesign.es\/pure-tea\/#primaryimage\"},\"image\":{\"@id\":\"https:\/\/inspiritdesign.es\/pure-tea\/#primaryimage\"},\"thumbnailUrl\":\"https:\/\/inspiritdesign.es\/wp-content\/uploads\/2026\/04\/1eb90395-1073-4a8f-abfa-99313fb3fa72_rw_1920.webp\",\"datePublished\":\"2026-04-13T10:57:03+00:00\",\"dateModified\":\"2026-04-13T18:25:57+00:00\",\"breadcrumb\":{\"@id\":\"https:\/\/inspiritdesign.es\/pure-tea\/#breadcrumb\"},\"inLanguage\":\"en-GB\",\"potentialAction\":[{\"@type\":\"ReadAction\",\"target\":[\"https:\/\/inspiritdesign.es\/pure-tea\/\"]}]},{\"@type\":\"ImageObject\",\"inLanguage\":\"en-GB\",\"@id\":\"https:\/\/inspiritdesign.es\/pure-tea\/#primaryimage\",\"url\":\"https:\/\/inspiritdesign.es\/wp-content\/uploads\/2026\/04\/1eb90395-1073-4a8f-abfa-99313fb3fa72_rw_1920.webp\",\"contentUrl\":\"https:\/\/inspiritdesign.es\/wp-content\/uploads\/2026\/04\/1eb90395-1073-4a8f-abfa-99313fb3fa72_rw_1920.webp\"},{\"@type\":\"BreadcrumbList\",\"@id\":\"https:\/\/inspiritdesign.es\/pure-tea\/#breadcrumb\",\"itemListElement\":[{\"@type\":\"ListItem\",\"position\":1,\"name\":\"Portada\",\"item\":\"https:\/\/inspiritdesign.es\/\"},{\"@type\":\"ListItem\",\"position\":2,\"name\":\"PURE TEA\"}]},{\"@type\":\"WebSite\",\"@id\":\"https:\/\/inspiritdesign.es\/#website\",\"url\":\"https:\/\/inspiritdesign.es\/\",\"name\":\"Inspirit Design\",\"description\":\"\",\"publisher\":{\"@id\":\"https:\/\/inspiritdesign.es\/#organization\"},\"potentialAction\":[{\"@type\":\"SearchAction\",\"target\":{\"@type\":\"EntryPoint\",\"urlTemplate\":\"https:\/\/inspiritdesign.es\/?s={search_term_string}\"},\"query-input\":{\"@type\":\"PropertyValueSpecification\",\"valueRequired\":true,\"valueName\":\"search_term_string\"}}],\"inLanguage\":\"en-GB\"},{\"@type\":\"Organization\",\"@id\":\"https:\/\/inspiritdesign.es\/#organization\",\"name\":\"Inspirit Design\",\"url\":\"https:\/\/inspiritdesign.es\/\",\"logo\":{\"@type\":\"ImageObject\",\"inLanguage\":\"en-GB\",\"@id\":\"https:\/\/inspiritdesign.es\/#\/schema\/logo\/image\/\",\"url\":\"https:\/\/inspiritdesign.es\/wp-content\/uploads\/2025\/12\/ISD-NEW-LOGO_RGB-Azul-HORIZON_alta.png\",\"contentUrl\":\"https:\/\/inspiritdesign.es\/wp-content\/uploads\/2025\/12\/ISD-NEW-LOGO_RGB-Azul-HORIZON_alta.png\",\"width\":986,\"height\":198,\"caption\":\"Inspirit Design\"},\"image\":{\"@id\":\"https:\/\/inspiritdesign.es\/#\/schema\/logo\/image\/\"}}]}<\/script>\n<!-- \/ Yoast SEO plugin. -->","yoast_head_json":{"title":"PURE TEA - Inspirit Design","robots":{"index":"index","follow":"follow","max-snippet":"max-snippet:-1","max-image-preview":"max-image-preview:large","max-video-preview":"max-video-preview:-1"},"canonical":"https:\/\/inspiritdesign.es\/en\/pure-tea\/","og_locale":"en_GB","og_type":"article","og_title":"PURE TEA - Inspirit Design","og_description":"Envase (dise\u00f1o de botella de PET) Ming Ming Shi Tea es la fusi\u00f3n de movimiento y emoci\u00f3n, tradici\u00f3n y sabor. Las variedades de t\u00e9 oolong y t\u00e9 verde se elaboran de forma tradicional, utilizando t\u00e9s selectos de la provincia de Fujian, China, sin aromatizantes, colorantes, conservantes ni az\u00facares a\u00f1adidos. El dise\u00f1o evoca la autenticidad y [&hellip;]","og_url":"https:\/\/inspiritdesign.es\/en\/pure-tea\/","og_site_name":"Inspirit Design","article_modified_time":"2026-04-13T18:25:57+00:00","og_image":[{"width":1920,"height":1247,"url":"https:\/\/inspiritdesign.es\/wp-content\/uploads\/2026\/04\/1eb90395-1073-4a8f-abfa-99313fb3fa72_rw_1920.webp","type":"image\/jpeg"}],"twitter_card":"summary_large_image","twitter_misc":{"Estimated reading time":"1 minute"},"schema":{"@context":"https:\/\/schema.org","@graph":[{"@type":"WebPage","@id":"https:\/\/inspiritdesign.es\/pure-tea\/","url":"https:\/\/inspiritdesign.es\/pure-tea\/","name":"PURE TEA - Inspirit Design","isPartOf":{"@id":"https:\/\/inspiritdesign.es\/#website"},"primaryImageOfPage":{"@id":"https:\/\/inspiritdesign.es\/pure-tea\/#primaryimage"},"image":{"@id":"https:\/\/inspiritdesign.es\/pure-tea\/#primaryimage"},"thumbnailUrl":"https:\/\/inspiritdesign.es\/wp-content\/uploads\/2026\/04\/1eb90395-1073-4a8f-abfa-99313fb3fa72_rw_1920.webp","datePublished":"2026-04-13T10:57:03+00:00","dateModified":"2026-04-13T18:25:57+00:00","breadcrumb":{"@id":"https:\/\/inspiritdesign.es\/pure-tea\/#breadcrumb"},"inLanguage":"en-GB","potentialAction":[{"@type":"ReadAction","target":["https:\/\/inspiritdesign.es\/pure-tea\/"]}]},{"@type":"ImageObject","inLanguage":"en-GB","@id":"https:\/\/inspiritdesign.es\/pure-tea\/#primaryimage","url":"https:\/\/inspiritdesign.es\/wp-content\/uploads\/2026\/04\/1eb90395-1073-4a8f-abfa-99313fb3fa72_rw_1920.webp","contentUrl":"https:\/\/inspiritdesign.es\/wp-content\/uploads\/2026\/04\/1eb90395-1073-4a8f-abfa-99313fb3fa72_rw_1920.webp"},{"@type":"BreadcrumbList","@id":"https:\/\/inspiritdesign.es\/pure-tea\/#breadcrumb","itemListElement":[{"@type":"ListItem","position":1,"name":"Portada","item":"https:\/\/inspiritdesign.es\/"},{"@type":"ListItem","position":2,"name":"PURE TEA"}]},{"@type":"WebSite","@id":"https:\/\/inspiritdesign.es\/#website","url":"https:\/\/inspiritdesign.es\/","name":"Inspirit Design","description":"","publisher":{"@id":"https:\/\/inspiritdesign.es\/#organization"},"potentialAction":[{"@type":"SearchAction","target":{"@type":"EntryPoint","urlTemplate":"https:\/\/inspiritdesign.es\/?s={search_term_string}"},"query-input":{"@type":"PropertyValueSpecification","valueRequired":true,"valueName":"search_term_string"}}],"inLanguage":"en-GB"},{"@type":"Organization","@id":"https:\/\/inspiritdesign.es\/#organization","name":"Inspirit Design","url":"https:\/\/inspiritdesign.es\/","logo":{"@type":"ImageObject","inLanguage":"en-GB","@id":"https:\/\/inspiritdesign.es\/#\/schema\/logo\/image\/","url":"https:\/\/inspiritdesign.es\/wp-content\/uploads\/2025\/12\/ISD-NEW-LOGO_RGB-Azul-HORIZON_alta.png","contentUrl":"https:\/\/inspiritdesign.es\/wp-content\/uploads\/2025\/12\/ISD-NEW-LOGO_RGB-Azul-HORIZON_alta.png","width":986,"height":198,"caption":"Inspirit Design"},"image":{"@id":"https:\/\/inspiritdesign.es\/#\/schema\/logo\/image\/"}}]}},"_links":{"self":[{"href":"https:\/\/inspiritdesign.es\/en\/wp-json\/wp\/v2\/pages\/2488","targetHints":{"allow":["GET"]}}],"collection":[{"href":"https:\/\/inspiritdesign.es\/en\/wp-json\/wp\/v2\/pages"}],"about":[{"href":"https:\/\/inspiritdesign.es\/en\/wp-json\/wp\/v2\/types\/page"}],"author":[{"embeddable":true,"href":"https:\/\/inspiritdesign.es\/en\/wp-json\/wp\/v2\/users\/2"}],"replies":[{"embeddable":true,"href":"https:\/\/inspiritdesign.es\/en\/wp-json\/wp\/v2\/comments?post=2488"}],"version-history":[{"count":16,"href":"https:\/\/inspiritdesign.es\/en\/wp-json\/wp\/v2\/pages\/2488\/revisions"}],"predecessor-version":[{"id":2613,"href":"https:\/\/inspiritdesign.es\/en\/wp-json\/wp\/v2\/pages\/2488\/revisions\/2613"}],"wp:attachment":[{"href":"https:\/\/inspiritdesign.es\/en\/wp-json\/wp\/v2\/media?parent=2488"}],"curies":[{"name":"wp","href":"https:\/\/api.w.org\/{rel}","templated":true}]}}