{"id":2486,"date":"2026-04-13T12:57:09","date_gmt":"2026-04-13T10:57:09","guid":{"rendered":"https:\/\/inspiritdesign.es\/?page_id=2486"},"modified":"2026-04-13T20:18:57","modified_gmt":"2026-04-13T18:18:57","slug":"magic-amah","status":"publish","type":"page","link":"https:\/\/inspiritdesign.es\/en\/magic-amah\/","title":{"rendered":"Magic Amah"},"content":{"rendered":"<div data-elementor-type=\"wp-page\" data-elementor-id=\"2486\" class=\"elementor elementor-2486\" data-elementor-post-type=\"page\">\n\t\t\t\t<div class=\"elementor-element elementor-element-234f23c9 e-flex e-con-boxed e-con e-parent\" data-id=\"234f23c9\" data-element_type=\"container\" data-e-type=\"container\" data-settings=\"{&quot;background_background&quot;:&quot;classic&quot;}\">\n\t\t\t\t\t<div class=\"e-con-inner\">\n\t\t<div class=\"elementor-element elementor-element-47f97e0d e-flex e-con-boxed e-con e-child\" data-id=\"47f97e0d\" data-element_type=\"container\" data-e-type=\"container\">\n\t\t\t\t\t<div class=\"e-con-inner\">\n\t\t\t\t<div class=\"elementor-element elementor-element-712e7940 elementor-invisible elementor-widget elementor-widget-heading\" data-id=\"712e7940\" data-element_type=\"widget\" data-e-type=\"widget\" data-settings=\"{&quot;_animation&quot;:&quot;fadeInUp&quot;,&quot;_animation_delay&quot;:200}\" data-widget_type=\"heading.default\">\n\t\t\t\t\t<h1 class=\"elementor-heading-title elementor-size-default\">Magic Amah<\/h1>\t\t\t\t<\/div>\n\t\t\t\t<div class=\"elementor-element elementor-element-3176bfd3 elementor-invisible elementor-widget elementor-widget-heading\" data-id=\"3176bfd3\" data-element_type=\"widget\" data-e-type=\"widget\" data-settings=\"{&quot;_animation&quot;:&quot;fadeInDown&quot;,&quot;_animation_delay&quot;:300}\" data-widget_type=\"heading.default\">\n\t\t\t\t\t<h2 class=\"elementor-heading-title elementor-size-default\">Packaging (HDPE bottle shape design) <\/h2>\t\t\t\t<\/div>\n\t\t\t\t\t<\/div>\n\t\t\t\t<\/div>\n\t\t\t\t\t<\/div>\n\t\t\t\t<\/div>\n\t\t<div class=\"elementor-element elementor-element-8b7f9b8 e-flex e-con-boxed e-con e-parent\" data-id=\"8b7f9b8\" data-element_type=\"container\" data-e-type=\"container\">\n\t\t\t\t\t<div class=\"e-con-inner\">\n\t\t\t\t<div class=\"elementor-element elementor-element-4799dec elementor-widget elementor-widget-image\" data-id=\"4799dec\" data-element_type=\"widget\" data-e-type=\"widget\" data-widget_type=\"image.default\">\n\t\t\t\t\t\t\t\t\t\t\t\t\t\t\t<img fetchpriority=\"high\" decoding=\"async\" width=\"1634\" height=\"1200\" src=\"https:\/\/inspiritdesign.es\/wp-content\/uploads\/2026\/04\/2d7ba362-2064-4577-bae1-4f19fc5ffa04_rw_1920.webp\" class=\"attachment-full size-full wp-image-2581\" alt=\"\" srcset=\"https:\/\/inspiritdesign.es\/wp-content\/uploads\/2026\/04\/2d7ba362-2064-4577-bae1-4f19fc5ffa04_rw_1920.webp 1634w, https:\/\/inspiritdesign.es\/wp-content\/uploads\/2026\/04\/2d7ba362-2064-4577-bae1-4f19fc5ffa04_rw_1920-300x220.webp 300w, https:\/\/inspiritdesign.es\/wp-content\/uploads\/2026\/04\/2d7ba362-2064-4577-bae1-4f19fc5ffa04_rw_1920-1024x752.webp 1024w, https:\/\/inspiritdesign.es\/wp-content\/uploads\/2026\/04\/2d7ba362-2064-4577-bae1-4f19fc5ffa04_rw_1920-768x564.webp 768w, https:\/\/inspiritdesign.es\/wp-content\/uploads\/2026\/04\/2d7ba362-2064-4577-bae1-4f19fc5ffa04_rw_1920-1536x1128.webp 1536w, https:\/\/inspiritdesign.es\/wp-content\/uploads\/2026\/04\/2d7ba362-2064-4577-bae1-4f19fc5ffa04_rw_1920-16x12.webp 16w\" sizes=\"(max-width: 1634px) 100vw, 1634px\" \/>\t\t\t\t\t\t\t\t\t\t\t\t\t\t\t<\/div>\n\t\t\t\t\t<\/div>\n\t\t\t\t<\/div>\n\t\t<div class=\"elementor-element elementor-element-10614a64 e-flex e-con-boxed e-con e-parent\" data-id=\"10614a64\" data-element_type=\"container\" data-e-type=\"container\">\n\t\t\t\t\t<div class=\"e-con-inner\">\n\t\t<div class=\"elementor-element elementor-element-586f1c83 e-con-full e-flex elementor-invisible e-con e-child\" data-id=\"586f1c83\" data-element_type=\"container\" data-e-type=\"container\" data-settings=\"{&quot;animation&quot;:&quot;fadeInLeft&quot;}\">\n\t\t\t\t<div class=\"elementor-element elementor-element-9dbb3e4 elementor-widget elementor-widget-text-editor\" data-id=\"9dbb3e4\" data-element_type=\"widget\" data-e-type=\"widget\" data-widget_type=\"text-editor.default\">\n\t\t\t\t\t\t\t\t\t<div><span class=\"texteditor-inline-color\"><span dir=\"auto\">Magic Amah is a leading manufacturer of detergent and household cleaning products in China and Taiwan. Natural Magic was the brand's first ever foray into a higher value laundry detergent segment, creating a mass premium brand that is eco-friendly, made from 100% natural ingredients.<\/span><\/span><span class=\"texteditor-inline-color\"><br \/><\/span><\/div><div><span class=\"texteditor-inline-color\">\u00a0<\/span><\/div><div><span class=\"texteditor-inline-color\"><span dir=\"auto\">To convey the concept of Nature, the new 1.8 litre bottle is built around a leaf and its stem.  The stem forms a soft, comfortable and convenient handle, while the label takes the form of the leaf, extending from the stem handle. The closure includes a green dosing cap with embossed leaf prints, furthering the natural feeling at a key point of contact.\u00a0<\/span><\/span><\/div>\t\t\t\t\t\t\t\t<\/div>\n\t\t\t\t<\/div>\n\t\t\t\t\t<\/div>\n\t\t\t\t<\/div>\n\t\t<div class=\"elementor-element elementor-element-5b261a4 e-flex e-con-boxed e-con e-parent\" data-id=\"5b261a4\" data-element_type=\"container\" data-e-type=\"container\">\n\t\t\t\t\t<div class=\"e-con-inner\">\n\t\t\t\t<div class=\"elementor-element elementor-element-a142c9b elementor-widget elementor-widget-image\" data-id=\"a142c9b\" data-element_type=\"widget\" data-e-type=\"widget\" data-widget_type=\"image.default\">\n\t\t\t\t\t\t\t\t\t\t\t\t\t\t\t<img decoding=\"async\" width=\"1200\" height=\"1200\" src=\"https:\/\/inspiritdesign.es\/wp-content\/uploads\/2026\/04\/d03940cf-9923-4198-9247-fc9312365ca9_rw_1200.webp\" class=\"attachment-full size-full wp-image-2582\" alt=\"\" srcset=\"https:\/\/inspiritdesign.es\/wp-content\/uploads\/2026\/04\/d03940cf-9923-4198-9247-fc9312365ca9_rw_1200.webp 1200w, https:\/\/inspiritdesign.es\/wp-content\/uploads\/2026\/04\/d03940cf-9923-4198-9247-fc9312365ca9_rw_1200-300x300.webp 300w, https:\/\/inspiritdesign.es\/wp-content\/uploads\/2026\/04\/d03940cf-9923-4198-9247-fc9312365ca9_rw_1200-1024x1024.webp 1024w, https:\/\/inspiritdesign.es\/wp-content\/uploads\/2026\/04\/d03940cf-9923-4198-9247-fc9312365ca9_rw_1200-150x150.webp 150w, https:\/\/inspiritdesign.es\/wp-content\/uploads\/2026\/04\/d03940cf-9923-4198-9247-fc9312365ca9_rw_1200-768x768.webp 768w, https:\/\/inspiritdesign.es\/wp-content\/uploads\/2026\/04\/d03940cf-9923-4198-9247-fc9312365ca9_rw_1200-12x12.webp 12w\" sizes=\"(max-width: 1200px) 100vw, 1200px\" \/>\t\t\t\t\t\t\t\t\t\t\t\t\t\t\t<\/div>\n\t\t\t\t\t<\/div>\n\t\t\t\t<\/div>\n\t\t<div class=\"elementor-element elementor-element-75d757d e-flex e-con-boxed e-con e-parent\" data-id=\"75d757d\" data-element_type=\"container\" data-e-type=\"container\">\n\t\t\t\t\t<div class=\"e-con-inner\">\n\t\t\t\t<div class=\"elementor-element elementor-element-6fc2e93 elementor-widget elementor-widget-image\" data-id=\"6fc2e93\" data-element_type=\"widget\" data-e-type=\"widget\" data-widget_type=\"image.default\">\n\t\t\t\t\t\t\t\t\t\t\t\t\t\t\t<img decoding=\"async\" width=\"1920\" height=\"2266\" src=\"https:\/\/inspiritdesign.es\/wp-content\/uploads\/2026\/04\/766e46f2-865d-4d5b-b8f9-0b10f29e3c24_rw_1920.webp\" class=\"attachment-full size-full wp-image-2583\" alt=\"\" srcset=\"https:\/\/inspiritdesign.es\/wp-content\/uploads\/2026\/04\/766e46f2-865d-4d5b-b8f9-0b10f29e3c24_rw_1920.webp 1920w, https:\/\/inspiritdesign.es\/wp-content\/uploads\/2026\/04\/766e46f2-865d-4d5b-b8f9-0b10f29e3c24_rw_1920-254x300.webp 254w, https:\/\/inspiritdesign.es\/wp-content\/uploads\/2026\/04\/766e46f2-865d-4d5b-b8f9-0b10f29e3c24_rw_1920-868x1024.webp 868w, https:\/\/inspiritdesign.es\/wp-content\/uploads\/2026\/04\/766e46f2-865d-4d5b-b8f9-0b10f29e3c24_rw_1920-768x906.webp 768w, https:\/\/inspiritdesign.es\/wp-content\/uploads\/2026\/04\/766e46f2-865d-4d5b-b8f9-0b10f29e3c24_rw_1920-1301x1536.webp 1301w, https:\/\/inspiritdesign.es\/wp-content\/uploads\/2026\/04\/766e46f2-865d-4d5b-b8f9-0b10f29e3c24_rw_1920-1735x2048.webp 1735w, https:\/\/inspiritdesign.es\/wp-content\/uploads\/2026\/04\/766e46f2-865d-4d5b-b8f9-0b10f29e3c24_rw_1920-10x12.webp 10w\" sizes=\"(max-width: 1920px) 100vw, 1920px\" \/>\t\t\t\t\t\t\t\t\t\t\t\t\t\t\t<\/div>\n\t\t\t\t\t<\/div>\n\t\t\t\t<\/div>\n\t\t<div class=\"elementor-element elementor-element-1ed67b4 e-flex e-con-boxed e-con e-parent\" data-id=\"1ed67b4\" data-element_type=\"container\" data-e-type=\"container\">\n\t\t\t\t\t<div class=\"e-con-inner\">\n\t\t\t\t<div class=\"elementor-element elementor-element-cc0919a elementor-widget elementor-widget-image\" data-id=\"cc0919a\" data-element_type=\"widget\" data-e-type=\"widget\" data-widget_type=\"image.default\">\n\t\t\t\t\t\t\t\t\t\t\t\t\t\t\t<img loading=\"lazy\" decoding=\"async\" width=\"1754\" height=\"1754\" src=\"https:\/\/inspiritdesign.es\/wp-content\/uploads\/2026\/04\/7f491cd4-4759-4166-82ac-35ce05a9338e_rw_1920.webp\" class=\"attachment-full size-full wp-image-2584\" alt=\"\" srcset=\"https:\/\/inspiritdesign.es\/wp-content\/uploads\/2026\/04\/7f491cd4-4759-4166-82ac-35ce05a9338e_rw_1920.webp 1754w, https:\/\/inspiritdesign.es\/wp-content\/uploads\/2026\/04\/7f491cd4-4759-4166-82ac-35ce05a9338e_rw_1920-300x300.webp 300w, https:\/\/inspiritdesign.es\/wp-content\/uploads\/2026\/04\/7f491cd4-4759-4166-82ac-35ce05a9338e_rw_1920-1024x1024.webp 1024w, https:\/\/inspiritdesign.es\/wp-content\/uploads\/2026\/04\/7f491cd4-4759-4166-82ac-35ce05a9338e_rw_1920-150x150.webp 150w, https:\/\/inspiritdesign.es\/wp-content\/uploads\/2026\/04\/7f491cd4-4759-4166-82ac-35ce05a9338e_rw_1920-768x768.webp 768w, https:\/\/inspiritdesign.es\/wp-content\/uploads\/2026\/04\/7f491cd4-4759-4166-82ac-35ce05a9338e_rw_1920-1536x1536.webp 1536w, https:\/\/inspiritdesign.es\/wp-content\/uploads\/2026\/04\/7f491cd4-4759-4166-82ac-35ce05a9338e_rw_1920-12x12.webp 12w\" sizes=\"(max-width: 1754px) 100vw, 1754px\" \/>\t\t\t\t\t\t\t\t\t\t\t\t\t\t\t<\/div>\n\t\t\t\t\t<\/div>\n\t\t\t\t<\/div>\n\t\t<div class=\"elementor-element elementor-element-39013ba e-flex e-con-boxed e-con e-parent\" data-id=\"39013ba\" data-element_type=\"container\" data-e-type=\"container\">\n\t\t\t\t\t<div class=\"e-con-inner\">\n\t\t\t\t<div class=\"elementor-element elementor-element-2f38263 elementor-widget elementor-widget-text-editor\" data-id=\"2f38263\" data-element_type=\"widget\" data-e-type=\"widget\" data-widget_type=\"text-editor.default\">\n\t\t\t\t\t\t\t\t\t<p>The architecture of the shape envelops the label, allowing for a large label presence. The HDPE container is blown according to the process of extrusion blow-molding. The bottle is stable and compact, and encourages natural tilting and pouring gestures.\u00a0<\/p>\t\t\t\t\t\t\t\t<\/div>\n\t\t\t\t\t<\/div>\n\t\t\t\t<\/div>\n\t\t<div class=\"elementor-element elementor-element-9246e37 e-flex e-con-boxed e-con e-parent\" data-id=\"9246e37\" data-element_type=\"container\" data-e-type=\"container\">\n\t\t\t\t\t<div class=\"e-con-inner\">\n\t\t\t\t<div class=\"elementor-element elementor-element-e6b2bfe elementor-widget elementor-widget-image\" data-id=\"e6b2bfe\" data-element_type=\"widget\" data-e-type=\"widget\" data-widget_type=\"image.default\">\n\t\t\t\t\t\t\t\t\t\t\t\t\t\t\t<img loading=\"lazy\" decoding=\"async\" width=\"1920\" height=\"1114\" src=\"https:\/\/inspiritdesign.es\/wp-content\/uploads\/2026\/04\/3a55668a-c861-46b9-85af-98d9c39f60aa_rw_1920.webp\" class=\"attachment-full size-full wp-image-2591\" alt=\"\" srcset=\"https:\/\/inspiritdesign.es\/wp-content\/uploads\/2026\/04\/3a55668a-c861-46b9-85af-98d9c39f60aa_rw_1920.webp 1920w, https:\/\/inspiritdesign.es\/wp-content\/uploads\/2026\/04\/3a55668a-c861-46b9-85af-98d9c39f60aa_rw_1920-300x174.webp 300w, https:\/\/inspiritdesign.es\/wp-content\/uploads\/2026\/04\/3a55668a-c861-46b9-85af-98d9c39f60aa_rw_1920-1024x594.webp 1024w, https:\/\/inspiritdesign.es\/wp-content\/uploads\/2026\/04\/3a55668a-c861-46b9-85af-98d9c39f60aa_rw_1920-768x446.webp 768w, https:\/\/inspiritdesign.es\/wp-content\/uploads\/2026\/04\/3a55668a-c861-46b9-85af-98d9c39f60aa_rw_1920-1536x891.webp 1536w, https:\/\/inspiritdesign.es\/wp-content\/uploads\/2026\/04\/3a55668a-c861-46b9-85af-98d9c39f60aa_rw_1920-18x10.webp 18w\" sizes=\"(max-width: 1920px) 100vw, 1920px\" \/>\t\t\t\t\t\t\t\t\t\t\t\t\t\t\t<\/div>\n\t\t\t\t\t<\/div>\n\t\t\t\t<\/div>\n\t\t\t\t<\/div>","protected":false},"excerpt":{"rendered":"<p>Embalaje (dise\u00f1o con forma de botella de HDPE) Magic Amah es un fabricante l\u00edder de detergentes y productos de limpieza para el hogar en China y Taiw\u00e1n. Natural Magic fue la primera incursi\u00f3n de la marca en el segmento de detergentes para ropa de mayor precio, creando una marca premium de consumo masivo, ecol\u00f3gica y [&hellip;]<\/p>\n","protected":false},"author":2,"featured_media":0,"parent":0,"menu_order":0,"comment_status":"closed","ping_status":"closed","template":"elementor_header_footer","meta":{"footnotes":""},"class_list":["post-2486","page","type-page","status-publish","hentry"],"yoast_head":"<!-- This site is optimized with the Yoast SEO plugin v27.1.1 - https:\/\/yoast.com\/product\/yoast-seo-wordpress\/ -->\n<title>Magic Amah - Inspirit Design<\/title>\n<meta name=\"robots\" content=\"index, follow, max-snippet:-1, max-image-preview:large, max-video-preview:-1\" \/>\n<link rel=\"canonical\" href=\"https:\/\/inspiritdesign.es\/en\/magic-amah\/\" \/>\n<meta property=\"og:locale\" content=\"en_GB\" \/>\n<meta property=\"og:type\" content=\"article\" \/>\n<meta property=\"og:title\" content=\"Magic Amah - Inspirit Design\" \/>\n<meta property=\"og:description\" content=\"Embalaje (dise\u00f1o con forma de botella de HDPE) Magic Amah es un fabricante l\u00edder de detergentes y productos de limpieza para el hogar en China y Taiw\u00e1n. Natural Magic fue la primera incursi\u00f3n de la marca en el segmento de detergentes para ropa de mayor precio, creando una marca premium de consumo masivo, ecol\u00f3gica y [&hellip;]\" \/>\n<meta property=\"og:url\" content=\"https:\/\/inspiritdesign.es\/en\/magic-amah\/\" \/>\n<meta property=\"og:site_name\" content=\"Inspirit Design\" \/>\n<meta property=\"article:modified_time\" content=\"2026-04-13T18:18:57+00:00\" \/>\n<meta property=\"og:image\" content=\"https:\/\/inspiritdesign.es\/wp-content\/uploads\/2026\/04\/2d7ba362-2064-4577-bae1-4f19fc5ffa04_rw_1920.webp\" \/>\n\t<meta property=\"og:image:width\" content=\"1634\" \/>\n\t<meta property=\"og:image:height\" content=\"1200\" \/>\n\t<meta property=\"og:image:type\" content=\"image\/jpeg\" \/>\n<meta name=\"twitter:card\" content=\"summary_large_image\" \/>\n<meta name=\"twitter:label1\" content=\"Estimated reading time\" \/>\n\t<meta name=\"twitter:data1\" content=\"1 minute\" \/>\n<script type=\"application\/ld+json\" class=\"yoast-schema-graph\">{\"@context\":\"https:\/\/schema.org\",\"@graph\":[{\"@type\":\"WebPage\",\"@id\":\"https:\/\/inspiritdesign.es\/magic-amah\/\",\"url\":\"https:\/\/inspiritdesign.es\/magic-amah\/\",\"name\":\"Magic Amah - Inspirit Design\",\"isPartOf\":{\"@id\":\"https:\/\/inspiritdesign.es\/#website\"},\"primaryImageOfPage\":{\"@id\":\"https:\/\/inspiritdesign.es\/magic-amah\/#primaryimage\"},\"image\":{\"@id\":\"https:\/\/inspiritdesign.es\/magic-amah\/#primaryimage\"},\"thumbnailUrl\":\"https:\/\/inspiritdesign.es\/wp-content\/uploads\/2026\/04\/2d7ba362-2064-4577-bae1-4f19fc5ffa04_rw_1920.webp\",\"datePublished\":\"2026-04-13T10:57:09+00:00\",\"dateModified\":\"2026-04-13T18:18:57+00:00\",\"breadcrumb\":{\"@id\":\"https:\/\/inspiritdesign.es\/magic-amah\/#breadcrumb\"},\"inLanguage\":\"en-GB\",\"potentialAction\":[{\"@type\":\"ReadAction\",\"target\":[\"https:\/\/inspiritdesign.es\/magic-amah\/\"]}]},{\"@type\":\"ImageObject\",\"inLanguage\":\"en-GB\",\"@id\":\"https:\/\/inspiritdesign.es\/magic-amah\/#primaryimage\",\"url\":\"https:\/\/inspiritdesign.es\/wp-content\/uploads\/2026\/04\/2d7ba362-2064-4577-bae1-4f19fc5ffa04_rw_1920.webp\",\"contentUrl\":\"https:\/\/inspiritdesign.es\/wp-content\/uploads\/2026\/04\/2d7ba362-2064-4577-bae1-4f19fc5ffa04_rw_1920.webp\"},{\"@type\":\"BreadcrumbList\",\"@id\":\"https:\/\/inspiritdesign.es\/magic-amah\/#breadcrumb\",\"itemListElement\":[{\"@type\":\"ListItem\",\"position\":1,\"name\":\"Portada\",\"item\":\"https:\/\/inspiritdesign.es\/\"},{\"@type\":\"ListItem\",\"position\":2,\"name\":\"Magic Amah\"}]},{\"@type\":\"WebSite\",\"@id\":\"https:\/\/inspiritdesign.es\/#website\",\"url\":\"https:\/\/inspiritdesign.es\/\",\"name\":\"Inspirit Design\",\"description\":\"\",\"publisher\":{\"@id\":\"https:\/\/inspiritdesign.es\/#organization\"},\"potentialAction\":[{\"@type\":\"SearchAction\",\"target\":{\"@type\":\"EntryPoint\",\"urlTemplate\":\"https:\/\/inspiritdesign.es\/?s={search_term_string}\"},\"query-input\":{\"@type\":\"PropertyValueSpecification\",\"valueRequired\":true,\"valueName\":\"search_term_string\"}}],\"inLanguage\":\"en-GB\"},{\"@type\":\"Organization\",\"@id\":\"https:\/\/inspiritdesign.es\/#organization\",\"name\":\"Inspirit Design\",\"url\":\"https:\/\/inspiritdesign.es\/\",\"logo\":{\"@type\":\"ImageObject\",\"inLanguage\":\"en-GB\",\"@id\":\"https:\/\/inspiritdesign.es\/#\/schema\/logo\/image\/\",\"url\":\"https:\/\/inspiritdesign.es\/wp-content\/uploads\/2025\/12\/ISD-NEW-LOGO_RGB-Azul-HORIZON_alta.png\",\"contentUrl\":\"https:\/\/inspiritdesign.es\/wp-content\/uploads\/2025\/12\/ISD-NEW-LOGO_RGB-Azul-HORIZON_alta.png\",\"width\":986,\"height\":198,\"caption\":\"Inspirit Design\"},\"image\":{\"@id\":\"https:\/\/inspiritdesign.es\/#\/schema\/logo\/image\/\"}}]}<\/script>\n<!-- \/ Yoast SEO plugin. -->","yoast_head_json":{"title":"Magic Amah - Inspirit Design","robots":{"index":"index","follow":"follow","max-snippet":"max-snippet:-1","max-image-preview":"max-image-preview:large","max-video-preview":"max-video-preview:-1"},"canonical":"https:\/\/inspiritdesign.es\/en\/magic-amah\/","og_locale":"en_GB","og_type":"article","og_title":"Magic Amah - Inspirit Design","og_description":"Embalaje (dise\u00f1o con forma de botella de HDPE) Magic Amah es un fabricante l\u00edder de detergentes y productos de limpieza para el hogar en China y Taiw\u00e1n. Natural Magic fue la primera incursi\u00f3n de la marca en el segmento de detergentes para ropa de mayor precio, creando una marca premium de consumo masivo, ecol\u00f3gica y [&hellip;]","og_url":"https:\/\/inspiritdesign.es\/en\/magic-amah\/","og_site_name":"Inspirit Design","article_modified_time":"2026-04-13T18:18:57+00:00","og_image":[{"width":1634,"height":1200,"url":"https:\/\/inspiritdesign.es\/wp-content\/uploads\/2026\/04\/2d7ba362-2064-4577-bae1-4f19fc5ffa04_rw_1920.webp","type":"image\/jpeg"}],"twitter_card":"summary_large_image","twitter_misc":{"Estimated reading time":"1 minute"},"schema":{"@context":"https:\/\/schema.org","@graph":[{"@type":"WebPage","@id":"https:\/\/inspiritdesign.es\/magic-amah\/","url":"https:\/\/inspiritdesign.es\/magic-amah\/","name":"Magic Amah - Inspirit Design","isPartOf":{"@id":"https:\/\/inspiritdesign.es\/#website"},"primaryImageOfPage":{"@id":"https:\/\/inspiritdesign.es\/magic-amah\/#primaryimage"},"image":{"@id":"https:\/\/inspiritdesign.es\/magic-amah\/#primaryimage"},"thumbnailUrl":"https:\/\/inspiritdesign.es\/wp-content\/uploads\/2026\/04\/2d7ba362-2064-4577-bae1-4f19fc5ffa04_rw_1920.webp","datePublished":"2026-04-13T10:57:09+00:00","dateModified":"2026-04-13T18:18:57+00:00","breadcrumb":{"@id":"https:\/\/inspiritdesign.es\/magic-amah\/#breadcrumb"},"inLanguage":"en-GB","potentialAction":[{"@type":"ReadAction","target":["https:\/\/inspiritdesign.es\/magic-amah\/"]}]},{"@type":"ImageObject","inLanguage":"en-GB","@id":"https:\/\/inspiritdesign.es\/magic-amah\/#primaryimage","url":"https:\/\/inspiritdesign.es\/wp-content\/uploads\/2026\/04\/2d7ba362-2064-4577-bae1-4f19fc5ffa04_rw_1920.webp","contentUrl":"https:\/\/inspiritdesign.es\/wp-content\/uploads\/2026\/04\/2d7ba362-2064-4577-bae1-4f19fc5ffa04_rw_1920.webp"},{"@type":"BreadcrumbList","@id":"https:\/\/inspiritdesign.es\/magic-amah\/#breadcrumb","itemListElement":[{"@type":"ListItem","position":1,"name":"Portada","item":"https:\/\/inspiritdesign.es\/"},{"@type":"ListItem","position":2,"name":"Magic Amah"}]},{"@type":"WebSite","@id":"https:\/\/inspiritdesign.es\/#website","url":"https:\/\/inspiritdesign.es\/","name":"Inspirit Design","description":"","publisher":{"@id":"https:\/\/inspiritdesign.es\/#organization"},"potentialAction":[{"@type":"SearchAction","target":{"@type":"EntryPoint","urlTemplate":"https:\/\/inspiritdesign.es\/?s={search_term_string}"},"query-input":{"@type":"PropertyValueSpecification","valueRequired":true,"valueName":"search_term_string"}}],"inLanguage":"en-GB"},{"@type":"Organization","@id":"https:\/\/inspiritdesign.es\/#organization","name":"Inspirit Design","url":"https:\/\/inspiritdesign.es\/","logo":{"@type":"ImageObject","inLanguage":"en-GB","@id":"https:\/\/inspiritdesign.es\/#\/schema\/logo\/image\/","url":"https:\/\/inspiritdesign.es\/wp-content\/uploads\/2025\/12\/ISD-NEW-LOGO_RGB-Azul-HORIZON_alta.png","contentUrl":"https:\/\/inspiritdesign.es\/wp-content\/uploads\/2025\/12\/ISD-NEW-LOGO_RGB-Azul-HORIZON_alta.png","width":986,"height":198,"caption":"Inspirit Design"},"image":{"@id":"https:\/\/inspiritdesign.es\/#\/schema\/logo\/image\/"}}]}},"_links":{"self":[{"href":"https:\/\/inspiritdesign.es\/en\/wp-json\/wp\/v2\/pages\/2486","targetHints":{"allow":["GET"]}}],"collection":[{"href":"https:\/\/inspiritdesign.es\/en\/wp-json\/wp\/v2\/pages"}],"about":[{"href":"https:\/\/inspiritdesign.es\/en\/wp-json\/wp\/v2\/types\/page"}],"author":[{"embeddable":true,"href":"https:\/\/inspiritdesign.es\/en\/wp-json\/wp\/v2\/users\/2"}],"replies":[{"embeddable":true,"href":"https:\/\/inspiritdesign.es\/en\/wp-json\/wp\/v2\/comments?post=2486"}],"version-history":[{"count":13,"href":"https:\/\/inspiritdesign.es\/en\/wp-json\/wp\/v2\/pages\/2486\/revisions"}],"predecessor-version":[{"id":2594,"href":"https:\/\/inspiritdesign.es\/en\/wp-json\/wp\/v2\/pages\/2486\/revisions\/2594"}],"wp:attachment":[{"href":"https:\/\/inspiritdesign.es\/en\/wp-json\/wp\/v2\/media?parent=2486"}],"curies":[{"name":"wp","href":"https:\/\/api.w.org\/{rel}","templated":true}]}}