{"id":2480,"date":"2026-04-13T12:57:30","date_gmt":"2026-04-13T10:57:30","guid":{"rendered":"https:\/\/inspiritdesign.es\/?page_id=2480"},"modified":"2026-04-13T17:15:39","modified_gmt":"2026-04-13T15:15:39","slug":"bama-water","status":"publish","type":"page","link":"https:\/\/inspiritdesign.es\/en\/bama-water\/","title":{"rendered":"BAMA WATER"},"content":{"rendered":"<div data-elementor-type=\"wp-page\" data-elementor-id=\"2480\" class=\"elementor elementor-2480\" data-elementor-post-type=\"page\">\n\t\t\t\t<div class=\"elementor-element elementor-element-234f23c9 e-flex e-con-boxed e-con e-parent\" data-id=\"234f23c9\" data-element_type=\"container\" data-e-type=\"container\" data-settings=\"{&quot;background_background&quot;:&quot;classic&quot;}\">\n\t\t\t\t\t<div class=\"e-con-inner\">\n\t\t<div class=\"elementor-element elementor-element-47f97e0d e-flex e-con-boxed e-con e-child\" data-id=\"47f97e0d\" data-element_type=\"container\" data-e-type=\"container\">\n\t\t\t\t\t<div class=\"e-con-inner\">\n\t\t\t\t<div class=\"elementor-element elementor-element-712e7940 elementor-invisible elementor-widget elementor-widget-heading\" data-id=\"712e7940\" data-element_type=\"widget\" data-e-type=\"widget\" data-settings=\"{&quot;_animation&quot;:&quot;fadeInUp&quot;,&quot;_animation_delay&quot;:200}\" data-widget_type=\"heading.default\">\n\t\t\t\t\t<h1 class=\"elementor-heading-title elementor-size-default\">BAMA WATER<\/h1>\t\t\t\t<\/div>\n\t\t\t\t<div class=\"elementor-element elementor-element-3176bfd3 elementor-invisible elementor-widget elementor-widget-heading\" data-id=\"3176bfd3\" data-element_type=\"widget\" data-e-type=\"widget\" data-settings=\"{&quot;_animation&quot;:&quot;fadeInDown&quot;,&quot;_animation_delay&quot;:300}\" data-widget_type=\"heading.default\">\n\t\t\t\t\t<h2 class=\"elementor-heading-title elementor-size-default\">Packaging (bottle design)<\/h2>\t\t\t\t<\/div>\n\t\t\t\t\t<\/div>\n\t\t\t\t<\/div>\n\t\t\t\t\t<\/div>\n\t\t\t\t<\/div>\n\t\t<div class=\"elementor-element elementor-element-63491a5 e-flex e-con-boxed e-con e-parent\" data-id=\"63491a5\" data-element_type=\"container\" data-e-type=\"container\">\n\t\t\t\t\t<div class=\"e-con-inner\">\n\t\t\t\t<div class=\"elementor-element elementor-element-61f3f2a elementor-widget elementor-widget-image\" data-id=\"61f3f2a\" data-element_type=\"widget\" data-e-type=\"widget\" data-widget_type=\"image.default\">\n\t\t\t\t\t\t\t\t\t\t\t\t\t\t\t<img fetchpriority=\"high\" decoding=\"async\" width=\"1800\" height=\"1200\" src=\"https:\/\/inspiritdesign.es\/wp-content\/uploads\/2026\/04\/66b1bff3-8f9d-4888-89b2-90540353c40f_rw_1920.webp\" class=\"attachment-full size-full wp-image-2505\" alt=\"\" srcset=\"https:\/\/inspiritdesign.es\/wp-content\/uploads\/2026\/04\/66b1bff3-8f9d-4888-89b2-90540353c40f_rw_1920.webp 1800w, https:\/\/inspiritdesign.es\/wp-content\/uploads\/2026\/04\/66b1bff3-8f9d-4888-89b2-90540353c40f_rw_1920-300x200.webp 300w, https:\/\/inspiritdesign.es\/wp-content\/uploads\/2026\/04\/66b1bff3-8f9d-4888-89b2-90540353c40f_rw_1920-1024x683.webp 1024w, https:\/\/inspiritdesign.es\/wp-content\/uploads\/2026\/04\/66b1bff3-8f9d-4888-89b2-90540353c40f_rw_1920-768x512.webp 768w, https:\/\/inspiritdesign.es\/wp-content\/uploads\/2026\/04\/66b1bff3-8f9d-4888-89b2-90540353c40f_rw_1920-1536x1024.webp 1536w, https:\/\/inspiritdesign.es\/wp-content\/uploads\/2026\/04\/66b1bff3-8f9d-4888-89b2-90540353c40f_rw_1920-18x12.webp 18w\" sizes=\"(max-width: 1800px) 100vw, 1800px\" \/>\t\t\t\t\t\t\t\t\t\t\t\t\t\t\t<\/div>\n\t\t\t\t\t<\/div>\n\t\t\t\t<\/div>\n\t\t<div class=\"elementor-element elementor-element-68d2b0f e-flex e-con-boxed e-con e-parent\" data-id=\"68d2b0f\" data-element_type=\"container\" data-e-type=\"container\">\n\t\t\t\t\t<div class=\"e-con-inner\">\n\t\t\t\t<div class=\"elementor-element elementor-element-4fdfccd elementor-widget elementor-widget-text-editor\" data-id=\"4fdfccd\" data-element_type=\"widget\" data-e-type=\"widget\" data-widget_type=\"text-editor.default\">\n\t\t\t\t\t\t\t\t\t<div><span class=\"texteditor-inline-color\"><span dir=\"auto\">In Spirit Design was asked to design a 500ml unique premium PET bottle for high-end water that comes from the rich natural spring of Bama, a village of Guangxi province in China, world-renowned for the exceptional longevity of its inhabitants and its beautiful scenery. The brand personality is noble, rare, precious and luxurious, and its slogan is \u201cThe source of longevity, good water for life\u201d.<\/span><\/span><\/div><div>\u00a0<\/div><div><span class=\"texteditor-inline-color\"><span dir=\"auto\">As a result, we designed a well-balanced bottle that shines with radiant energy thanks to the bright effects emanating from the long waves crossing each other. The intersecting waves make the bottle as precious as a star shining in the infinity, feeding human life. The reflection of the star through the bottle shape evokes the infinity sign which is associated with human health and longevity.<\/span><\/span><\/div>\t\t\t\t\t\t\t\t<\/div>\n\t\t\t\t\t<\/div>\n\t\t\t\t<\/div>\n\t\t<div class=\"elementor-element elementor-element-1e6c5c6 e-flex e-con-boxed e-con e-parent\" data-id=\"1e6c5c6\" data-element_type=\"container\" data-e-type=\"container\">\n\t\t\t\t\t<div class=\"e-con-inner\">\n\t\t\t\t<div class=\"elementor-element elementor-element-eeba643 elementor-widget elementor-widget-image\" data-id=\"eeba643\" data-element_type=\"widget\" data-e-type=\"widget\" data-widget_type=\"image.default\">\n\t\t\t\t\t\t\t\t\t\t\t\t\t\t\t<img decoding=\"async\" width=\"1916\" height=\"1344\" src=\"https:\/\/inspiritdesign.es\/wp-content\/uploads\/2026\/04\/790b8bb7-77bb-42a3-bbcb-2c63a924c566_rw_1920.webp\" class=\"attachment-full size-full wp-image-2506\" alt=\"\" srcset=\"https:\/\/inspiritdesign.es\/wp-content\/uploads\/2026\/04\/790b8bb7-77bb-42a3-bbcb-2c63a924c566_rw_1920.webp 1916w, https:\/\/inspiritdesign.es\/wp-content\/uploads\/2026\/04\/790b8bb7-77bb-42a3-bbcb-2c63a924c566_rw_1920-300x210.webp 300w, https:\/\/inspiritdesign.es\/wp-content\/uploads\/2026\/04\/790b8bb7-77bb-42a3-bbcb-2c63a924c566_rw_1920-1024x718.webp 1024w, https:\/\/inspiritdesign.es\/wp-content\/uploads\/2026\/04\/790b8bb7-77bb-42a3-bbcb-2c63a924c566_rw_1920-768x539.webp 768w, https:\/\/inspiritdesign.es\/wp-content\/uploads\/2026\/04\/790b8bb7-77bb-42a3-bbcb-2c63a924c566_rw_1920-1536x1077.webp 1536w, https:\/\/inspiritdesign.es\/wp-content\/uploads\/2026\/04\/790b8bb7-77bb-42a3-bbcb-2c63a924c566_rw_1920-18x12.webp 18w\" sizes=\"(max-width: 1916px) 100vw, 1916px\" \/>\t\t\t\t\t\t\t\t\t\t\t\t\t\t\t<\/div>\n\t\t\t\t<div class=\"elementor-element elementor-element-ccce271 elementor-widget elementor-widget-image\" data-id=\"ccce271\" data-element_type=\"widget\" data-e-type=\"widget\" data-widget_type=\"image.default\">\n\t\t\t\t\t\t\t\t\t\t\t\t\t\t\t<img decoding=\"async\" width=\"1920\" height=\"1920\" src=\"https:\/\/inspiritdesign.es\/wp-content\/uploads\/2026\/04\/05cb0040-3105-4ce0-be1c-dce3a646d8d9_rw_1920.webp\" class=\"attachment-full size-full wp-image-2507\" alt=\"\" srcset=\"https:\/\/inspiritdesign.es\/wp-content\/uploads\/2026\/04\/05cb0040-3105-4ce0-be1c-dce3a646d8d9_rw_1920.webp 1920w, https:\/\/inspiritdesign.es\/wp-content\/uploads\/2026\/04\/05cb0040-3105-4ce0-be1c-dce3a646d8d9_rw_1920-300x300.webp 300w, https:\/\/inspiritdesign.es\/wp-content\/uploads\/2026\/04\/05cb0040-3105-4ce0-be1c-dce3a646d8d9_rw_1920-1024x1024.webp 1024w, https:\/\/inspiritdesign.es\/wp-content\/uploads\/2026\/04\/05cb0040-3105-4ce0-be1c-dce3a646d8d9_rw_1920-150x150.webp 150w, https:\/\/inspiritdesign.es\/wp-content\/uploads\/2026\/04\/05cb0040-3105-4ce0-be1c-dce3a646d8d9_rw_1920-768x768.webp 768w, https:\/\/inspiritdesign.es\/wp-content\/uploads\/2026\/04\/05cb0040-3105-4ce0-be1c-dce3a646d8d9_rw_1920-1536x1536.webp 1536w, https:\/\/inspiritdesign.es\/wp-content\/uploads\/2026\/04\/05cb0040-3105-4ce0-be1c-dce3a646d8d9_rw_1920-12x12.webp 12w\" sizes=\"(max-width: 1920px) 100vw, 1920px\" \/>\t\t\t\t\t\t\t\t\t\t\t\t\t\t\t<\/div>\n\t\t\t\t<div class=\"elementor-element elementor-element-62522eb elementor-widget elementor-widget-image\" data-id=\"62522eb\" data-element_type=\"widget\" data-e-type=\"widget\" data-widget_type=\"image.default\">\n\t\t\t\t\t\t\t\t\t\t\t\t\t\t\t<img loading=\"lazy\" decoding=\"async\" width=\"1920\" height=\"1920\" src=\"https:\/\/inspiritdesign.es\/wp-content\/uploads\/2026\/04\/24018869-6ed9-4562-9b85-3618b730f73b_rw_1920.webp\" class=\"attachment-full size-full wp-image-2508\" alt=\"\" srcset=\"https:\/\/inspiritdesign.es\/wp-content\/uploads\/2026\/04\/24018869-6ed9-4562-9b85-3618b730f73b_rw_1920.webp 1920w, https:\/\/inspiritdesign.es\/wp-content\/uploads\/2026\/04\/24018869-6ed9-4562-9b85-3618b730f73b_rw_1920-300x300.webp 300w, https:\/\/inspiritdesign.es\/wp-content\/uploads\/2026\/04\/24018869-6ed9-4562-9b85-3618b730f73b_rw_1920-1024x1024.webp 1024w, https:\/\/inspiritdesign.es\/wp-content\/uploads\/2026\/04\/24018869-6ed9-4562-9b85-3618b730f73b_rw_1920-150x150.webp 150w, https:\/\/inspiritdesign.es\/wp-content\/uploads\/2026\/04\/24018869-6ed9-4562-9b85-3618b730f73b_rw_1920-768x768.webp 768w, https:\/\/inspiritdesign.es\/wp-content\/uploads\/2026\/04\/24018869-6ed9-4562-9b85-3618b730f73b_rw_1920-1536x1536.webp 1536w, https:\/\/inspiritdesign.es\/wp-content\/uploads\/2026\/04\/24018869-6ed9-4562-9b85-3618b730f73b_rw_1920-12x12.webp 12w\" sizes=\"(max-width: 1920px) 100vw, 1920px\" \/>\t\t\t\t\t\t\t\t\t\t\t\t\t\t\t<\/div>\n\t\t\t\t\t<\/div>\n\t\t\t\t<\/div>\n\t\t<div class=\"elementor-element elementor-element-b30c0ba e-flex e-con-boxed e-con e-parent\" data-id=\"b30c0ba\" data-element_type=\"container\" data-e-type=\"container\">\n\t\t\t\t\t<div class=\"e-con-inner\">\n\t\t\t\t<div class=\"elementor-element elementor-element-d4e9469 elementor-widget elementor-widget-text-editor\" data-id=\"d4e9469\" data-element_type=\"widget\" data-e-type=\"widget\" data-widget_type=\"text-editor.default\">\n\t\t\t\t\t\t\t\t\t<p>We paid special attention to the transparency of the bottle, to reveal the purity of the water, and we placed great emphasis on the brand appearing on the premium cap.<\/p>\t\t\t\t\t\t\t\t<\/div>\n\t\t\t\t\t<\/div>\n\t\t\t\t<\/div>\n\t\t<div class=\"elementor-element elementor-element-72477b8 e-flex e-con-boxed e-con e-parent\" data-id=\"72477b8\" data-element_type=\"container\" data-e-type=\"container\">\n\t\t\t\t\t<div class=\"e-con-inner\">\n\t\t\t\t<div class=\"elementor-element elementor-element-4af6863 elementor-widget elementor-widget-image\" data-id=\"4af6863\" data-element_type=\"widget\" data-e-type=\"widget\" data-widget_type=\"image.default\">\n\t\t\t\t\t\t\t\t\t\t\t\t\t\t\t<img loading=\"lazy\" decoding=\"async\" width=\"1920\" height=\"1920\" src=\"https:\/\/inspiritdesign.es\/wp-content\/uploads\/2026\/04\/cfcdbe75-3d99-469c-93d1-13f4f72211fe_rw_1920.webp\" class=\"attachment-full size-full wp-image-2512\" alt=\"\" srcset=\"https:\/\/inspiritdesign.es\/wp-content\/uploads\/2026\/04\/cfcdbe75-3d99-469c-93d1-13f4f72211fe_rw_1920.webp 1920w, https:\/\/inspiritdesign.es\/wp-content\/uploads\/2026\/04\/cfcdbe75-3d99-469c-93d1-13f4f72211fe_rw_1920-300x300.webp 300w, https:\/\/inspiritdesign.es\/wp-content\/uploads\/2026\/04\/cfcdbe75-3d99-469c-93d1-13f4f72211fe_rw_1920-1024x1024.webp 1024w, https:\/\/inspiritdesign.es\/wp-content\/uploads\/2026\/04\/cfcdbe75-3d99-469c-93d1-13f4f72211fe_rw_1920-150x150.webp 150w, https:\/\/inspiritdesign.es\/wp-content\/uploads\/2026\/04\/cfcdbe75-3d99-469c-93d1-13f4f72211fe_rw_1920-768x768.webp 768w, https:\/\/inspiritdesign.es\/wp-content\/uploads\/2026\/04\/cfcdbe75-3d99-469c-93d1-13f4f72211fe_rw_1920-1536x1536.webp 1536w, https:\/\/inspiritdesign.es\/wp-content\/uploads\/2026\/04\/cfcdbe75-3d99-469c-93d1-13f4f72211fe_rw_1920-12x12.webp 12w\" sizes=\"(max-width: 1920px) 100vw, 1920px\" \/>\t\t\t\t\t\t\t\t\t\t\t\t\t\t\t<\/div>\n\t\t\t\t<div class=\"elementor-element elementor-element-a24a48f elementor-widget elementor-widget-image\" data-id=\"a24a48f\" data-element_type=\"widget\" data-e-type=\"widget\" data-widget_type=\"image.default\">\n\t\t\t\t\t\t\t\t\t\t\t\t\t\t\t<img loading=\"lazy\" decoding=\"async\" width=\"1920\" height=\"1920\" src=\"https:\/\/inspiritdesign.es\/wp-content\/uploads\/2026\/04\/24256ba2-32fa-459c-bd6e-909457a6298b_rw_1920.webp\" class=\"attachment-full size-full wp-image-2513\" alt=\"\" srcset=\"https:\/\/inspiritdesign.es\/wp-content\/uploads\/2026\/04\/24256ba2-32fa-459c-bd6e-909457a6298b_rw_1920.webp 1920w, https:\/\/inspiritdesign.es\/wp-content\/uploads\/2026\/04\/24256ba2-32fa-459c-bd6e-909457a6298b_rw_1920-300x300.webp 300w, https:\/\/inspiritdesign.es\/wp-content\/uploads\/2026\/04\/24256ba2-32fa-459c-bd6e-909457a6298b_rw_1920-1024x1024.webp 1024w, https:\/\/inspiritdesign.es\/wp-content\/uploads\/2026\/04\/24256ba2-32fa-459c-bd6e-909457a6298b_rw_1920-150x150.webp 150w, https:\/\/inspiritdesign.es\/wp-content\/uploads\/2026\/04\/24256ba2-32fa-459c-bd6e-909457a6298b_rw_1920-768x768.webp 768w, https:\/\/inspiritdesign.es\/wp-content\/uploads\/2026\/04\/24256ba2-32fa-459c-bd6e-909457a6298b_rw_1920-1536x1536.webp 1536w, https:\/\/inspiritdesign.es\/wp-content\/uploads\/2026\/04\/24256ba2-32fa-459c-bd6e-909457a6298b_rw_1920-12x12.webp 12w\" sizes=\"(max-width: 1920px) 100vw, 1920px\" \/>\t\t\t\t\t\t\t\t\t\t\t\t\t\t\t<\/div>\n\t\t\t\t\t<\/div>\n\t\t\t\t<\/div>\n\t\t\t\t<\/div>","protected":false},"excerpt":{"rendered":"<p>Envase (dise\u00f1o de la botella) Se le encarg\u00f3 a In Spirit Design el dise\u00f1o de una botella PET premium de 500 ml para agua de alta gama proveniente del manantial natural de Bama, un pueblo de la provincia de Guangxi, en China, reconocido mundialmente por la excepcional longevidad de sus habitantes y sus hermosos paisajes. [&hellip;]<\/p>\n","protected":false},"author":2,"featured_media":0,"parent":0,"menu_order":0,"comment_status":"closed","ping_status":"closed","template":"elementor_header_footer","meta":{"footnotes":""},"class_list":["post-2480","page","type-page","status-publish","hentry"],"yoast_head":"<!-- This site is optimized with the Yoast SEO plugin v27.1.1 - https:\/\/yoast.com\/product\/yoast-seo-wordpress\/ -->\n<title>BAMA WATER - Inspirit Design<\/title>\n<meta name=\"robots\" content=\"index, follow, max-snippet:-1, max-image-preview:large, max-video-preview:-1\" \/>\n<link rel=\"canonical\" href=\"https:\/\/inspiritdesign.es\/en\/bama-water\/\" \/>\n<meta property=\"og:locale\" content=\"en_GB\" \/>\n<meta property=\"og:type\" content=\"article\" \/>\n<meta property=\"og:title\" content=\"BAMA WATER - Inspirit Design\" \/>\n<meta property=\"og:description\" content=\"Envase (dise\u00f1o de la botella) Se le encarg\u00f3 a In Spirit Design el dise\u00f1o de una botella PET premium de 500 ml para agua de alta gama proveniente del manantial natural de Bama, un pueblo de la provincia de Guangxi, en China, reconocido mundialmente por la excepcional longevidad de sus habitantes y sus hermosos paisajes. [&hellip;]\" \/>\n<meta property=\"og:url\" content=\"https:\/\/inspiritdesign.es\/en\/bama-water\/\" \/>\n<meta property=\"og:site_name\" content=\"Inspirit Design\" \/>\n<meta property=\"article:modified_time\" content=\"2026-04-13T15:15:39+00:00\" \/>\n<meta property=\"og:image\" content=\"https:\/\/inspiritdesign.es\/wp-content\/uploads\/2026\/04\/66b1bff3-8f9d-4888-89b2-90540353c40f_rw_1920.webp\" \/>\n\t<meta property=\"og:image:width\" content=\"1800\" \/>\n\t<meta property=\"og:image:height\" content=\"1200\" \/>\n\t<meta property=\"og:image:type\" content=\"image\/jpeg\" \/>\n<meta name=\"twitter:card\" content=\"summary_large_image\" \/>\n<meta name=\"twitter:label1\" content=\"Estimated reading time\" \/>\n\t<meta name=\"twitter:data1\" content=\"1 minute\" \/>\n<script type=\"application\/ld+json\" class=\"yoast-schema-graph\">{\"@context\":\"https:\/\/schema.org\",\"@graph\":[{\"@type\":\"WebPage\",\"@id\":\"https:\/\/inspiritdesign.es\/bama-water\/\",\"url\":\"https:\/\/inspiritdesign.es\/bama-water\/\",\"name\":\"BAMA WATER - Inspirit Design\",\"isPartOf\":{\"@id\":\"https:\/\/inspiritdesign.es\/#website\"},\"primaryImageOfPage\":{\"@id\":\"https:\/\/inspiritdesign.es\/bama-water\/#primaryimage\"},\"image\":{\"@id\":\"https:\/\/inspiritdesign.es\/bama-water\/#primaryimage\"},\"thumbnailUrl\":\"https:\/\/inspiritdesign.es\/wp-content\/uploads\/2026\/04\/66b1bff3-8f9d-4888-89b2-90540353c40f_rw_1920.webp\",\"datePublished\":\"2026-04-13T10:57:30+00:00\",\"dateModified\":\"2026-04-13T15:15:39+00:00\",\"breadcrumb\":{\"@id\":\"https:\/\/inspiritdesign.es\/bama-water\/#breadcrumb\"},\"inLanguage\":\"en-GB\",\"potentialAction\":[{\"@type\":\"ReadAction\",\"target\":[\"https:\/\/inspiritdesign.es\/bama-water\/\"]}]},{\"@type\":\"ImageObject\",\"inLanguage\":\"en-GB\",\"@id\":\"https:\/\/inspiritdesign.es\/bama-water\/#primaryimage\",\"url\":\"https:\/\/inspiritdesign.es\/wp-content\/uploads\/2026\/04\/66b1bff3-8f9d-4888-89b2-90540353c40f_rw_1920.webp\",\"contentUrl\":\"https:\/\/inspiritdesign.es\/wp-content\/uploads\/2026\/04\/66b1bff3-8f9d-4888-89b2-90540353c40f_rw_1920.webp\"},{\"@type\":\"BreadcrumbList\",\"@id\":\"https:\/\/inspiritdesign.es\/bama-water\/#breadcrumb\",\"itemListElement\":[{\"@type\":\"ListItem\",\"position\":1,\"name\":\"Portada\",\"item\":\"https:\/\/inspiritdesign.es\/\"},{\"@type\":\"ListItem\",\"position\":2,\"name\":\"BAMA WATER\"}]},{\"@type\":\"WebSite\",\"@id\":\"https:\/\/inspiritdesign.es\/#website\",\"url\":\"https:\/\/inspiritdesign.es\/\",\"name\":\"Inspirit Design\",\"description\":\"\",\"publisher\":{\"@id\":\"https:\/\/inspiritdesign.es\/#organization\"},\"potentialAction\":[{\"@type\":\"SearchAction\",\"target\":{\"@type\":\"EntryPoint\",\"urlTemplate\":\"https:\/\/inspiritdesign.es\/?s={search_term_string}\"},\"query-input\":{\"@type\":\"PropertyValueSpecification\",\"valueRequired\":true,\"valueName\":\"search_term_string\"}}],\"inLanguage\":\"en-GB\"},{\"@type\":\"Organization\",\"@id\":\"https:\/\/inspiritdesign.es\/#organization\",\"name\":\"Inspirit Design\",\"url\":\"https:\/\/inspiritdesign.es\/\",\"logo\":{\"@type\":\"ImageObject\",\"inLanguage\":\"en-GB\",\"@id\":\"https:\/\/inspiritdesign.es\/#\/schema\/logo\/image\/\",\"url\":\"https:\/\/inspiritdesign.es\/wp-content\/uploads\/2025\/12\/ISD-NEW-LOGO_RGB-Azul-HORIZON_alta.png\",\"contentUrl\":\"https:\/\/inspiritdesign.es\/wp-content\/uploads\/2025\/12\/ISD-NEW-LOGO_RGB-Azul-HORIZON_alta.png\",\"width\":986,\"height\":198,\"caption\":\"Inspirit Design\"},\"image\":{\"@id\":\"https:\/\/inspiritdesign.es\/#\/schema\/logo\/image\/\"}}]}<\/script>\n<!-- \/ Yoast SEO plugin. -->","yoast_head_json":{"title":"BAMA WATER - Inspirit Design","robots":{"index":"index","follow":"follow","max-snippet":"max-snippet:-1","max-image-preview":"max-image-preview:large","max-video-preview":"max-video-preview:-1"},"canonical":"https:\/\/inspiritdesign.es\/en\/bama-water\/","og_locale":"en_GB","og_type":"article","og_title":"BAMA WATER - Inspirit Design","og_description":"Envase (dise\u00f1o de la botella) Se le encarg\u00f3 a In Spirit Design el dise\u00f1o de una botella PET premium de 500 ml para agua de alta gama proveniente del manantial natural de Bama, un pueblo de la provincia de Guangxi, en China, reconocido mundialmente por la excepcional longevidad de sus habitantes y sus hermosos paisajes. [&hellip;]","og_url":"https:\/\/inspiritdesign.es\/en\/bama-water\/","og_site_name":"Inspirit Design","article_modified_time":"2026-04-13T15:15:39+00:00","og_image":[{"width":1800,"height":1200,"url":"https:\/\/inspiritdesign.es\/wp-content\/uploads\/2026\/04\/66b1bff3-8f9d-4888-89b2-90540353c40f_rw_1920.webp","type":"image\/jpeg"}],"twitter_card":"summary_large_image","twitter_misc":{"Estimated reading time":"1 minute"},"schema":{"@context":"https:\/\/schema.org","@graph":[{"@type":"WebPage","@id":"https:\/\/inspiritdesign.es\/bama-water\/","url":"https:\/\/inspiritdesign.es\/bama-water\/","name":"BAMA WATER - Inspirit Design","isPartOf":{"@id":"https:\/\/inspiritdesign.es\/#website"},"primaryImageOfPage":{"@id":"https:\/\/inspiritdesign.es\/bama-water\/#primaryimage"},"image":{"@id":"https:\/\/inspiritdesign.es\/bama-water\/#primaryimage"},"thumbnailUrl":"https:\/\/inspiritdesign.es\/wp-content\/uploads\/2026\/04\/66b1bff3-8f9d-4888-89b2-90540353c40f_rw_1920.webp","datePublished":"2026-04-13T10:57:30+00:00","dateModified":"2026-04-13T15:15:39+00:00","breadcrumb":{"@id":"https:\/\/inspiritdesign.es\/bama-water\/#breadcrumb"},"inLanguage":"en-GB","potentialAction":[{"@type":"ReadAction","target":["https:\/\/inspiritdesign.es\/bama-water\/"]}]},{"@type":"ImageObject","inLanguage":"en-GB","@id":"https:\/\/inspiritdesign.es\/bama-water\/#primaryimage","url":"https:\/\/inspiritdesign.es\/wp-content\/uploads\/2026\/04\/66b1bff3-8f9d-4888-89b2-90540353c40f_rw_1920.webp","contentUrl":"https:\/\/inspiritdesign.es\/wp-content\/uploads\/2026\/04\/66b1bff3-8f9d-4888-89b2-90540353c40f_rw_1920.webp"},{"@type":"BreadcrumbList","@id":"https:\/\/inspiritdesign.es\/bama-water\/#breadcrumb","itemListElement":[{"@type":"ListItem","position":1,"name":"Portada","item":"https:\/\/inspiritdesign.es\/"},{"@type":"ListItem","position":2,"name":"BAMA WATER"}]},{"@type":"WebSite","@id":"https:\/\/inspiritdesign.es\/#website","url":"https:\/\/inspiritdesign.es\/","name":"Inspirit Design","description":"","publisher":{"@id":"https:\/\/inspiritdesign.es\/#organization"},"potentialAction":[{"@type":"SearchAction","target":{"@type":"EntryPoint","urlTemplate":"https:\/\/inspiritdesign.es\/?s={search_term_string}"},"query-input":{"@type":"PropertyValueSpecification","valueRequired":true,"valueName":"search_term_string"}}],"inLanguage":"en-GB"},{"@type":"Organization","@id":"https:\/\/inspiritdesign.es\/#organization","name":"Inspirit Design","url":"https:\/\/inspiritdesign.es\/","logo":{"@type":"ImageObject","inLanguage":"en-GB","@id":"https:\/\/inspiritdesign.es\/#\/schema\/logo\/image\/","url":"https:\/\/inspiritdesign.es\/wp-content\/uploads\/2025\/12\/ISD-NEW-LOGO_RGB-Azul-HORIZON_alta.png","contentUrl":"https:\/\/inspiritdesign.es\/wp-content\/uploads\/2025\/12\/ISD-NEW-LOGO_RGB-Azul-HORIZON_alta.png","width":986,"height":198,"caption":"Inspirit Design"},"image":{"@id":"https:\/\/inspiritdesign.es\/#\/schema\/logo\/image\/"}}]}},"_links":{"self":[{"href":"https:\/\/inspiritdesign.es\/en\/wp-json\/wp\/v2\/pages\/2480","targetHints":{"allow":["GET"]}}],"collection":[{"href":"https:\/\/inspiritdesign.es\/en\/wp-json\/wp\/v2\/pages"}],"about":[{"href":"https:\/\/inspiritdesign.es\/en\/wp-json\/wp\/v2\/types\/page"}],"author":[{"embeddable":true,"href":"https:\/\/inspiritdesign.es\/en\/wp-json\/wp\/v2\/users\/2"}],"replies":[{"embeddable":true,"href":"https:\/\/inspiritdesign.es\/en\/wp-json\/wp\/v2\/comments?post=2480"}],"version-history":[{"count":7,"href":"https:\/\/inspiritdesign.es\/en\/wp-json\/wp\/v2\/pages\/2480\/revisions"}],"predecessor-version":[{"id":2516,"href":"https:\/\/inspiritdesign.es\/en\/wp-json\/wp\/v2\/pages\/2480\/revisions\/2516"}],"wp:attachment":[{"href":"https:\/\/inspiritdesign.es\/en\/wp-json\/wp\/v2\/media?parent=2480"}],"curies":[{"name":"wp","href":"https:\/\/api.w.org\/{rel}","templated":true}]}}