{"id":117,"date":"2025-12-16T09:10:13","date_gmt":"2025-12-16T08:10:13","guid":{"rendered":"https:\/\/inspiritdesign.es\/?page_id=117"},"modified":"2026-03-10T20:45:06","modified_gmt":"2026-03-10T19:45:06","slug":"proyectos","status":"publish","type":"page","link":"https:\/\/inspiritdesign.es\/en\/proyectos\/","title":{"rendered":"Projects"},"content":{"rendered":"<div data-elementor-type=\"wp-page\" data-elementor-id=\"117\" class=\"elementor elementor-117\" data-elementor-post-type=\"page\">\n\t\t\t\t<div class=\"elementor-element elementor-element-864015e e-flex e-con-boxed e-con e-parent\" data-id=\"864015e\" data-element_type=\"container\" data-e-type=\"container\" data-settings=\"{&quot;background_background&quot;:&quot;classic&quot;}\">\n\t\t\t\t\t<div class=\"e-con-inner\">\n\t\t<div class=\"elementor-element elementor-element-e31e1bf e-flex e-con-boxed e-con e-child\" data-id=\"e31e1bf\" data-element_type=\"container\" data-e-type=\"container\">\n\t\t\t\t\t<div class=\"e-con-inner\">\n\t\t\t\t<div class=\"elementor-element elementor-element-45c99830 elementor-invisible elementor-widget elementor-widget-heading\" data-id=\"45c99830\" data-element_type=\"widget\" data-e-type=\"widget\" data-settings=\"{&quot;_animation&quot;:&quot;fadeInUp&quot;,&quot;_animation_delay&quot;:200}\" data-widget_type=\"heading.default\">\n\t\t\t\t\t<h1 class=\"elementor-heading-title elementor-size-default\">Projects<\/h1>\t\t\t\t<\/div>\n\t\t\t\t\t<\/div>\n\t\t\t\t<\/div>\n\t\t\t\t\t<\/div>\n\t\t\t\t<\/div>\n\t\t<div class=\"elementor-element elementor-element-e0d8f25 e-flex e-con-boxed e-con e-parent\" data-id=\"e0d8f25\" data-element_type=\"container\" data-e-type=\"container\">\n\t\t\t\t\t<div class=\"e-con-inner\">\n\t\t\t\t<div class=\"elementor-element elementor-element-319be2d elementor-widget__width-initial elementor-widget elementor-widget-text-editor\" data-id=\"319be2d\" data-element_type=\"widget\" data-e-type=\"widget\" data-widget_type=\"text-editor.default\">\n\t\t\t\t\t\t\t\t\t<p>We work across a wide range of projects spanning multiple design disciplines. Each collaboration is an opportunity to bring together strategy, creativity and execution, always tailored to the specific needs of each client.<\/p><p>Our experience covers different sectors, categories and services, with projects developed in diverse contexts and countries. This diversity allows us to bring a global perspective and deliver solid, relevant solutions, grounded in a deep understanding of consumer and user behaviors, expectations, and cultural realities across markets.<\/p>\t\t\t\t\t\t\t\t<\/div>\n\t\t\t\t\t<\/div>\n\t\t\t\t<\/div>\n\t\t<div class=\"elementor-element elementor-element-a21f145 e-con-full e-flex e-con e-parent\" data-id=\"a21f145\" data-element_type=\"container\" data-e-type=\"container\">\n\t\t<div class=\"elementor-element elementor-element-36cd930 e-con-full e-flex e-con e-child\" data-id=\"36cd930\" data-element_type=\"container\" data-e-type=\"container\" data-settings=\"{&quot;background_background&quot;:&quot;classic&quot;}\">\n\t\t\t\t<div class=\"elementor-element elementor-element-01f3997 elementor-widget elementor-widget-heading\" data-id=\"01f3997\" data-element_type=\"widget\" data-e-type=\"widget\" data-widget_type=\"heading.default\">\n\t\t\t\t\t<h2 class=\"elementor-heading-title elementor-size-default\">By Sector<\/h2>\t\t\t\t<\/div>\n\t\t\t\t<div class=\"elementor-element elementor-element-896c554 elementor-widget__width-initial elementor-widget elementor-widget-button\" data-id=\"896c554\" data-element_type=\"widget\" data-e-type=\"widget\" data-widget_type=\"button.default\">\n\t\t\t\t\t\t\t\t\t\t<a class=\"elementor-button elementor-button-link elementor-size-sm\" href=\"\/en\/por-sector\/\">\n\t\t\t\t\t\t<span class=\"elementor-button-content-wrapper\">\n\t\t\t\t\t\t\t\t\t<span class=\"elementor-button-text\">Go to By Sector page<\/span>\n\t\t\t\t\t<\/span>\n\t\t\t\t\t<\/a>\n\t\t\t\t\t\t\t\t<\/div>\n\t\t\t\t<\/div>\n\t\t<div class=\"elementor-element elementor-element-59864b7 e-con-full e-flex e-con e-child\" data-id=\"59864b7\" data-element_type=\"container\" data-e-type=\"container\" data-settings=\"{&quot;background_background&quot;:&quot;classic&quot;}\">\n\t\t\t\t<div class=\"elementor-element elementor-element-a39f290 elementor-widget elementor-widget-heading\" data-id=\"a39f290\" data-element_type=\"widget\" data-e-type=\"widget\" data-widget_type=\"heading.default\">\n\t\t\t\t\t<h2 class=\"elementor-heading-title elementor-size-default\">By Category<\/h2>\t\t\t\t<\/div>\n\t\t\t\t<div class=\"elementor-element elementor-element-f6011f8 elementor-widget__width-initial elementor-widget elementor-widget-button\" data-id=\"f6011f8\" data-element_type=\"widget\" data-e-type=\"widget\" data-widget_type=\"button.default\">\n\t\t\t\t\t\t\t\t\t\t<a class=\"elementor-button elementor-button-link elementor-size-sm\" href=\"\/en\/por-categoria\/\">\n\t\t\t\t\t\t<span class=\"elementor-button-content-wrapper\">\n\t\t\t\t\t\t\t\t\t<span class=\"elementor-button-text\">Go to By Category page<\/span>\n\t\t\t\t\t<\/span>\n\t\t\t\t\t<\/a>\n\t\t\t\t\t\t\t\t<\/div>\n\t\t\t\t<\/div>\n\t\t\t\t<\/div>\n\t\t<div class=\"elementor-element elementor-element-f297036 e-con-full e-flex e-con e-parent\" data-id=\"f297036\" data-element_type=\"container\" data-e-type=\"container\">\n\t\t<div class=\"elementor-element elementor-element-87c9e61 e-con-full e-flex e-con e-child\" data-id=\"87c9e61\" data-element_type=\"container\" data-e-type=\"container\" data-settings=\"{&quot;background_background&quot;:&quot;classic&quot;}\">\n\t\t\t\t<div class=\"elementor-element elementor-element-2a45578 elementor-widget elementor-widget-heading\" data-id=\"2a45578\" data-element_type=\"widget\" data-e-type=\"widget\" data-widget_type=\"heading.default\">\n\t\t\t\t\t<h2 class=\"elementor-heading-title elementor-size-default\">By Services<\/h2>\t\t\t\t<\/div>\n\t\t\t\t<div class=\"elementor-element elementor-element-f27e7ee elementor-widget__width-initial elementor-widget elementor-widget-button\" data-id=\"f27e7ee\" data-element_type=\"widget\" data-e-type=\"widget\" data-widget_type=\"button.default\">\n\t\t\t\t\t\t\t\t\t\t<a class=\"elementor-button elementor-button-link elementor-size-sm\" href=\"\/en\/por-servicios\/\">\n\t\t\t\t\t\t<span class=\"elementor-button-content-wrapper\">\n\t\t\t\t\t\t\t\t\t<span class=\"elementor-button-text\">Go to By Services page<\/span>\n\t\t\t\t\t<\/span>\n\t\t\t\t\t<\/a>\n\t\t\t\t\t\t\t\t<\/div>\n\t\t\t\t<\/div>\n\t\t<div class=\"elementor-element elementor-element-df618ff e-con-full e-flex e-con e-child\" data-id=\"df618ff\" data-element_type=\"container\" data-e-type=\"container\" data-settings=\"{&quot;background_background&quot;:&quot;classic&quot;}\">\n\t\t\t\t<div class=\"elementor-element elementor-element-5464932 elementor-widget elementor-widget-heading\" data-id=\"5464932\" data-element_type=\"widget\" data-e-type=\"widget\" data-widget_type=\"heading.default\">\n\t\t\t\t\t<h2 class=\"elementor-heading-title elementor-size-default\">By market<\/h2>\t\t\t\t<\/div>\n\t\t\t\t<div class=\"elementor-element elementor-element-0805d49 elementor-widget__width-initial elementor-widget elementor-widget-button\" data-id=\"0805d49\" data-element_type=\"widget\" data-e-type=\"widget\" data-widget_type=\"button.default\">\n\t\t\t\t\t\t\t\t\t\t<a class=\"elementor-button elementor-button-link elementor-size-sm\" href=\"\/en\/por-pais\/\">\n\t\t\t\t\t\t<span class=\"elementor-button-content-wrapper\">\n\t\t\t\t\t\t\t\t\t<span class=\"elementor-button-text\">Go to By market page<\/span>\n\t\t\t\t\t<\/span>\n\t\t\t\t\t<\/a>\n\t\t\t\t\t\t\t\t<\/div>\n\t\t\t\t<\/div>\n\t\t\t\t<\/div>\n\t\t\t\t<\/div>","protected":false},"excerpt":{"rendered":"<p>Trabajamos en un amplio abanico de proyectos que abarcan m\u00faltiples disciplinas del dise\u00f1o. Cada colaboraci\u00f3n es una oportunidad para combinar estrategia, creatividad y ejecuci\u00f3n, adapt\u00e1ndonos a las necesidades espec\u00edficas de cada cliente. Nuestra experiencia se extiende a diferentes sectores, categor\u00edas y servicios, desarrollando proyectos en distintos contextos y pa\u00edses. Esta diversidad nos permite aportar una [&hellip;]<\/p>\n","protected":false},"author":2,"featured_media":0,"parent":0,"menu_order":0,"comment_status":"closed","ping_status":"closed","template":"elementor_header_footer","meta":{"footnotes":""},"class_list":["post-117","page","type-page","status-publish","hentry"],"yoast_head":"<!-- This site is optimized with the Yoast SEO plugin v27.1.1 - https:\/\/yoast.com\/product\/yoast-seo-wordpress\/ -->\n<title>Proyectos - Inspirit Design<\/title>\n<meta name=\"robots\" content=\"index, follow, max-snippet:-1, max-image-preview:large, max-video-preview:-1\" \/>\n<link rel=\"canonical\" href=\"https:\/\/inspiritdesign.es\/en\/proyectos\/\" \/>\n<meta property=\"og:locale\" content=\"en_GB\" \/>\n<meta property=\"og:type\" content=\"article\" \/>\n<meta property=\"og:title\" content=\"Proyectos - Inspirit Design\" \/>\n<meta property=\"og:description\" content=\"Trabajamos en un amplio abanico de proyectos que abarcan m\u00faltiples disciplinas del dise\u00f1o. Cada colaboraci\u00f3n es una oportunidad para combinar estrategia, creatividad y ejecuci\u00f3n, adapt\u00e1ndonos a las necesidades espec\u00edficas de cada cliente. Nuestra experiencia se extiende a diferentes sectores, categor\u00edas y servicios, desarrollando proyectos en distintos contextos y pa\u00edses. Esta diversidad nos permite aportar una [&hellip;]\" \/>\n<meta property=\"og:url\" content=\"https:\/\/inspiritdesign.es\/en\/proyectos\/\" \/>\n<meta property=\"og:site_name\" content=\"Inspirit Design\" \/>\n<meta property=\"article:modified_time\" content=\"2026-03-10T19:45:06+00:00\" \/>\n<meta name=\"twitter:card\" content=\"summary_large_image\" \/>\n<meta name=\"twitter:label1\" content=\"Estimated reading time\" \/>\n\t<meta name=\"twitter:data1\" content=\"1 minute\" \/>\n<script type=\"application\/ld+json\" class=\"yoast-schema-graph\">{\"@context\":\"https:\/\/schema.org\",\"@graph\":[{\"@type\":\"WebPage\",\"@id\":\"https:\/\/inspiritdesign.es\/proyectos\/\",\"url\":\"https:\/\/inspiritdesign.es\/proyectos\/\",\"name\":\"Proyectos - Inspirit Design\",\"isPartOf\":{\"@id\":\"https:\/\/inspiritdesign.es\/#website\"},\"datePublished\":\"2025-12-16T08:10:13+00:00\",\"dateModified\":\"2026-03-10T19:45:06+00:00\",\"breadcrumb\":{\"@id\":\"https:\/\/inspiritdesign.es\/proyectos\/#breadcrumb\"},\"inLanguage\":\"en-GB\",\"potentialAction\":[{\"@type\":\"ReadAction\",\"target\":[\"https:\/\/inspiritdesign.es\/proyectos\/\"]}]},{\"@type\":\"BreadcrumbList\",\"@id\":\"https:\/\/inspiritdesign.es\/proyectos\/#breadcrumb\",\"itemListElement\":[{\"@type\":\"ListItem\",\"position\":1,\"name\":\"Portada\",\"item\":\"https:\/\/inspiritdesign.es\/\"},{\"@type\":\"ListItem\",\"position\":2,\"name\":\"Proyectos\"}]},{\"@type\":\"WebSite\",\"@id\":\"https:\/\/inspiritdesign.es\/#website\",\"url\":\"https:\/\/inspiritdesign.es\/\",\"name\":\"Inspirit Design\",\"description\":\"\",\"publisher\":{\"@id\":\"https:\/\/inspiritdesign.es\/#organization\"},\"potentialAction\":[{\"@type\":\"SearchAction\",\"target\":{\"@type\":\"EntryPoint\",\"urlTemplate\":\"https:\/\/inspiritdesign.es\/?s={search_term_string}\"},\"query-input\":{\"@type\":\"PropertyValueSpecification\",\"valueRequired\":true,\"valueName\":\"search_term_string\"}}],\"inLanguage\":\"en-GB\"},{\"@type\":\"Organization\",\"@id\":\"https:\/\/inspiritdesign.es\/#organization\",\"name\":\"Inspirit Design\",\"url\":\"https:\/\/inspiritdesign.es\/\",\"logo\":{\"@type\":\"ImageObject\",\"inLanguage\":\"en-GB\",\"@id\":\"https:\/\/inspiritdesign.es\/#\/schema\/logo\/image\/\",\"url\":\"https:\/\/inspiritdesign.es\/wp-content\/uploads\/2025\/12\/ISD-NEW-LOGO_RGB-Azul-HORIZON_alta.png\",\"contentUrl\":\"https:\/\/inspiritdesign.es\/wp-content\/uploads\/2025\/12\/ISD-NEW-LOGO_RGB-Azul-HORIZON_alta.png\",\"width\":986,\"height\":198,\"caption\":\"Inspirit Design\"},\"image\":{\"@id\":\"https:\/\/inspiritdesign.es\/#\/schema\/logo\/image\/\"}}]}<\/script>\n<!-- \/ Yoast SEO plugin. -->","yoast_head_json":{"title":"Proyectos - Inspirit Design","robots":{"index":"index","follow":"follow","max-snippet":"max-snippet:-1","max-image-preview":"max-image-preview:large","max-video-preview":"max-video-preview:-1"},"canonical":"https:\/\/inspiritdesign.es\/en\/proyectos\/","og_locale":"en_GB","og_type":"article","og_title":"Proyectos - Inspirit Design","og_description":"Trabajamos en un amplio abanico de proyectos que abarcan m\u00faltiples disciplinas del dise\u00f1o. Cada colaboraci\u00f3n es una oportunidad para combinar estrategia, creatividad y ejecuci\u00f3n, adapt\u00e1ndonos a las necesidades espec\u00edficas de cada cliente. Nuestra experiencia se extiende a diferentes sectores, categor\u00edas y servicios, desarrollando proyectos en distintos contextos y pa\u00edses. Esta diversidad nos permite aportar una [&hellip;]","og_url":"https:\/\/inspiritdesign.es\/en\/proyectos\/","og_site_name":"Inspirit Design","article_modified_time":"2026-03-10T19:45:06+00:00","twitter_card":"summary_large_image","twitter_misc":{"Estimated reading time":"1 minute"},"schema":{"@context":"https:\/\/schema.org","@graph":[{"@type":"WebPage","@id":"https:\/\/inspiritdesign.es\/proyectos\/","url":"https:\/\/inspiritdesign.es\/proyectos\/","name":"Proyectos - Inspirit Design","isPartOf":{"@id":"https:\/\/inspiritdesign.es\/#website"},"datePublished":"2025-12-16T08:10:13+00:00","dateModified":"2026-03-10T19:45:06+00:00","breadcrumb":{"@id":"https:\/\/inspiritdesign.es\/proyectos\/#breadcrumb"},"inLanguage":"en-GB","potentialAction":[{"@type":"ReadAction","target":["https:\/\/inspiritdesign.es\/proyectos\/"]}]},{"@type":"BreadcrumbList","@id":"https:\/\/inspiritdesign.es\/proyectos\/#breadcrumb","itemListElement":[{"@type":"ListItem","position":1,"name":"Portada","item":"https:\/\/inspiritdesign.es\/"},{"@type":"ListItem","position":2,"name":"Proyectos"}]},{"@type":"WebSite","@id":"https:\/\/inspiritdesign.es\/#website","url":"https:\/\/inspiritdesign.es\/","name":"Inspirit Design","description":"","publisher":{"@id":"https:\/\/inspiritdesign.es\/#organization"},"potentialAction":[{"@type":"SearchAction","target":{"@type":"EntryPoint","urlTemplate":"https:\/\/inspiritdesign.es\/?s={search_term_string}"},"query-input":{"@type":"PropertyValueSpecification","valueRequired":true,"valueName":"search_term_string"}}],"inLanguage":"en-GB"},{"@type":"Organization","@id":"https:\/\/inspiritdesign.es\/#organization","name":"Inspirit Design","url":"https:\/\/inspiritdesign.es\/","logo":{"@type":"ImageObject","inLanguage":"en-GB","@id":"https:\/\/inspiritdesign.es\/#\/schema\/logo\/image\/","url":"https:\/\/inspiritdesign.es\/wp-content\/uploads\/2025\/12\/ISD-NEW-LOGO_RGB-Azul-HORIZON_alta.png","contentUrl":"https:\/\/inspiritdesign.es\/wp-content\/uploads\/2025\/12\/ISD-NEW-LOGO_RGB-Azul-HORIZON_alta.png","width":986,"height":198,"caption":"Inspirit Design"},"image":{"@id":"https:\/\/inspiritdesign.es\/#\/schema\/logo\/image\/"}}]}},"_links":{"self":[{"href":"https:\/\/inspiritdesign.es\/en\/wp-json\/wp\/v2\/pages\/117","targetHints":{"allow":["GET"]}}],"collection":[{"href":"https:\/\/inspiritdesign.es\/en\/wp-json\/wp\/v2\/pages"}],"about":[{"href":"https:\/\/inspiritdesign.es\/en\/wp-json\/wp\/v2\/types\/page"}],"author":[{"embeddable":true,"href":"https:\/\/inspiritdesign.es\/en\/wp-json\/wp\/v2\/users\/2"}],"replies":[{"embeddable":true,"href":"https:\/\/inspiritdesign.es\/en\/wp-json\/wp\/v2\/comments?post=117"}],"version-history":[{"count":73,"href":"https:\/\/inspiritdesign.es\/en\/wp-json\/wp\/v2\/pages\/117\/revisions"}],"predecessor-version":[{"id":2117,"href":"https:\/\/inspiritdesign.es\/en\/wp-json\/wp\/v2\/pages\/117\/revisions\/2117"}],"wp:attachment":[{"href":"https:\/\/inspiritdesign.es\/en\/wp-json\/wp\/v2\/media?parent=117"}],"curies":[{"name":"wp","href":"https:\/\/api.w.org\/{rel}","templated":true}]}}